{"id":9,"date":"2017-05-19T14:53:02","date_gmt":"2017-05-19T12:53:02","guid":{"rendered":"http:\/\/www.azf-assodessinistres.org\/site\/?page_id=9"},"modified":"2018-10-05T07:12:37","modified_gmt":"2018-10-05T05:12:37","slug":"contact","status":"publish","type":"page","link":"https:\/\/www.azf-assodessinistres.org\/?page_id=9","title":{"rendered":"Nous contacter"},"content":{"rendered":"<p style=\"text-align: center;\"><img loading=\"lazy\" decoding=\"async\" class=\"alignnone size-thumbnail wp-image-482\" src=\"http:\/\/www.azf-assodessinistres.org\/site\/wp-content\/uploads\/2017\/06\/pauline_2-2-150x150.jpg\" alt=\"\" width=\"150\" height=\"150\" srcset=\"https:\/\/www.azf-assodessinistres.org\/wp-content\/uploads\/2017\/06\/pauline_2-2-150x150.jpg 150w, https:\/\/www.azf-assodessinistres.org\/wp-content\/uploads\/2017\/06\/pauline_2-2-100x100.jpg 100w\" sizes=\"auto, (max-width: 150px) 100vw, 150px\" \/><\/p>\n<p style=\"text-align: center;\">Pr\u00e9sidente :<br \/>\n<strong>Pauline MIRANDA<\/strong><br \/>\n06.03.39.89.84<br \/>\n<a>pauline.miranda.azf@orange.fr<\/a><\/p>\n<p style=\"text-align: center;\">Secr\u00e9taire :<br \/>\n<strong>Christiane PEGOURIE<br \/>\n<\/strong><\/p>\n<p style=\"text-align: left;\">Ecrire \u00e0 l&rsquo;association :<\/p>\n<p style=\"text-align: center;\"><strong>Association des sinistr\u00e9s du 21 septembre 2001<\/strong><\/p>\n<p style=\"text-align: center;\"><strong>275 route de Seysses &#8211; B\u00e2t A15 &#8211; Appart 323 <\/strong><\/p>\n<p style=\"text-align: center;\"><strong> 31100 &#8211; \u00a0TOULOUSE<\/strong><strong>\u00a0<\/strong><\/p>\n<hr \/>\n<p style=\"text-align: center;\"><a href=\"http:\/\/www.azf-assodessinistres.org\/site\/wp-content\/uploads\/2017\/09\/bulletin-dadh\u00e9sion-association.docx\">bulletin d&rsquo;adh\u00e9sion association \u00e0 t\u00e9l\u00e9charger<\/a><\/p>\n<hr \/>\n<p style=\"text-align: center;\"><a href=\"http:\/\/www.azf-assodessinistres.org\/site\/wp-content\/uploads\/2017\/09\/appel-\u00e0-dons.docx\">Appel \u00e0 dons \u00e0 t\u00e9l\u00e9charger<\/a><\/p>\n<hr \/>\n<p><strong>Vous pouvez\u00a0 \u00e9galement suivre toute l&rsquo;actualit\u00e9 de notre Association sur Facebook<\/strong><\/p>\n<p><center>Suivez-nous sur <a class=\"btn-facebook\" href=\"https:\/\/www.facebook.com\/Association-des-sinistr\u00e9s-dAZF-731054820293292\/\" target=\"_blank\" rel=\"noopener noreferrer\">Facebook<\/a><\/center><\/p>\n","protected":false},"excerpt":{"rendered":"<p>Pr\u00e9sidente : Pauline MIRANDA 06.03.39.89.84 pauline.miranda.azf@orange.fr Secr\u00e9taire : Christiane PEGOURIE Ecrire \u00e0 l&rsquo;association : Association des sinistr\u00e9s du 21 septembre 2001 275 route de Seysses &#8211; B\u00e2t A15 &#8211; Appart 323 31100 &#8211; \u00a0TOULOUSE\u00a0 bulletin d&rsquo;adh\u00e9sion association \u00e0 t\u00e9l\u00e9charger Appel \u00e0 dons \u00e0 t\u00e9l\u00e9charger Vous pouvez\u00a0 \u00e9galement suivre toute l&rsquo;actualit\u00e9 de notre Association sur Facebook &hellip; <\/p>\n<p class=\"link-more\"><a href=\"https:\/\/www.azf-assodessinistres.org\/?page_id=9\" class=\"more-link\">Continuer la lecture<span class=\"screen-reader-text\"> de &laquo;&nbsp;Nous contacter&nbsp;&raquo;<\/span><\/a><\/p>\n","protected":false},"author":1,"featured_media":0,"parent":0,"menu_order":0,"comment_status":"closed","ping_status":"closed","template":"","meta":{"footnotes":""},"class_list":["post-9","page","type-page","status-publish","hentry"],"_links":{"self":[{"href":"https:\/\/www.azf-assodessinistres.org\/index.php?rest_route=\/wp\/v2\/pages\/9","targetHints":{"allow":["GET"]}}],"collection":[{"href":"https:\/\/www.azf-assodessinistres.org\/index.php?rest_route=\/wp\/v2\/pages"}],"about":[{"href":"https:\/\/www.azf-assodessinistres.org\/index.php?rest_route=\/wp\/v2\/types\/page"}],"author":[{"embeddable":true,"href":"https:\/\/www.azf-assodessinistres.org\/index.php?rest_route=\/wp\/v2\/users\/1"}],"replies":[{"embeddable":true,"href":"https:\/\/www.azf-assodessinistres.org\/index.php?rest_route=%2Fwp%2Fv2%2Fcomments&post=9"}],"version-history":[{"count":22,"href":"https:\/\/www.azf-assodessinistres.org\/index.php?rest_route=\/wp\/v2\/pages\/9\/revisions"}],"predecessor-version":[{"id":622,"href":"https:\/\/www.azf-assodessinistres.org\/index.php?rest_route=\/wp\/v2\/pages\/9\/revisions\/622"}],"wp:attachment":[{"href":"https:\/\/www.azf-assodessinistres.org\/index.php?rest_route=%2Fwp%2Fv2%2Fmedia&parent=9"}],"curies":[{"name":"wp","href":"https:\/\/api.w.org\/{rel}","templated":true}]}}