{"id":71,"date":"2017-06-02T12:30:52","date_gmt":"2017-06-02T10:30:52","guid":{"rendered":"http:\/\/www.azf-assodessinistres.org\/site\/?page_id=71"},"modified":"2019-09-25T14:33:07","modified_gmt":"2019-09-25T12:33:07","slug":"azf-verdict-le-31-octobre-prochain","status":"publish","type":"page","link":"https:\/\/www.azf-assodessinistres.org\/?page_id=71","title":{"rendered":"AZF : verdict le 31 octobre 2017"},"content":{"rendered":"<p>AZF : verdict le 31 octobre 2017<\/p>\n<p>Nous \u00e9tions \u00e0 Paris pour le \u00ab\u00a0V\u00a0\u00bb de la Victoire pour la condamnation de Grande Paroisse ainsi que son directeur. Seul ombre, un pourvoi en cassation annonc\u00e9 d\u00e8s le verdict. Nous attendons la d\u00e9cision du tribunal.<\/p>\n<figure id=\"attachment_598\" aria-describedby=\"caption-attachment-598\" style=\"width: 720px\" class=\"wp-caption aligncenter\"><img loading=\"lazy\" decoding=\"async\" class=\"wp-image-598 size-full\" src=\"http:\/\/www.azf-assodessinistres.org\/site\/wp-content\/uploads\/2017\/06\/Resized_20171031_144213_21.jpg\" alt=\"\" width=\"720\" height=\"405\" srcset=\"https:\/\/www.azf-assodessinistres.org\/wp-content\/uploads\/2017\/06\/Resized_20171031_144213_21.jpg 720w, https:\/\/www.azf-assodessinistres.org\/wp-content\/uploads\/2017\/06\/Resized_20171031_144213_21-300x169.jpg 300w\" sizes=\"auto, (max-width: 720px) 100vw, 720px\" \/><figcaption id=\"caption-attachment-598\" class=\"wp-caption-text\">Victoire !<\/figcaption><\/figure>\n<p>Communiqu\u00e9 de presse de\u00a0Madame la \u00a0Pr\u00e9sidente, Pauline MIRANDA\u00a0:<\/p>\n<p style=\"text-align: center;\"><a href=\"http:\/\/www.azf-assodessinistres.org\/site\/wp-content\/uploads\/2017\/06\/com-pres-verdict-du-31octobre-2017.docx\">Communiqu\u00e9 de\u00a0\u00a0presse apr\u00e8s le\u00a0verdict du 31 octobre 2017<\/a><\/p>\n<p>&nbsp;<\/p>\n<p>La condamnation relat\u00e9e par les m\u00e9dias :<\/p>\n<p><a href=\"https:\/\/www.tf1.fr\/tf1\/jt-20h\/videos\/l-exploitant-directeur-de-l-usine-azf-a-nouveau-condamnes-appel.html\">https:\/\/www.tf1.fr\/tf1\/jt-20h\/videos\/l-exploitant-directeur-de-l-usine-azf-a-nouveau-condamnes-appel.html<\/a><\/p>\n<p><a href=\"https:\/\/www.ladepeche.fr\/article\/2017\/10\/31\/2676173-explosion-azf-15-mois-sursis-ex-directeur-225-000-e.html\">https:\/\/www.ladepeche.fr\/article\/2017\/10\/31\/2676173-explosion-azf-15-mois-sursis-ex-directeur-225-000-e.html<\/a><\/p>\n<p><a href=\"http:\/\/www.lepoint.fr\/societe\/azf-prison-avec-sursis-pour-l-ex-directeur-du-site-amende-maximale-pour-l-entreprise-31-10-2017-2168878_23.php\">http:\/\/www.lepoint.fr\/societe\/azf-prison-avec-sursis-pour-l-ex-directeur-du-site-amende-maximale-pour-l-entreprise-31-10-2017-2168878_23.php<\/a><\/p>\n<p><a href=\"http:\/\/www.20minutes.fr\/justice\/2160907-20171031-azf-ex-directeur-usine-grande-paroisse-reconnus-coupables\">http:\/\/www.20minutes.fr\/justice\/2160907-20171031-azf-ex-directeur-usine-grande-paroisse-reconnus-coupables<\/a><\/p>\n<p><a href=\"http:\/\/www.lemonde.fr\/police-justice\/article\/2017\/10\/31\/ce-qu-il-faut-retenir-de-la-derniere-decision-de-justice-dans-le-proces-azf_5208492_1653578.html\">http:\/\/www.lemonde.fr\/police-justice\/article\/2017\/10\/31\/ce-qu-il-faut-retenir-de-la-derniere-decision-de-justice-dans-le-proces-azf_5208492_1653578.html<\/a><\/p>\n<p><a href=\"http:\/\/www.lemonde.fr\/police-justice\/article\/2017\/10\/31\/proces-azf-l-epilogue-apres-16-ans-de-bataille-judiciaire_5208084_1653578.html\">http:\/\/www.lemonde.fr\/police-justice\/article\/2017\/10\/31\/proces-azf-l-<\/a><a href=\"http:\/\/www.lemonde.fr\/police-justice\/article\/2017\/10\/31\/proces-azf-l-epilogue-apres-16-ans-de-bataille-judiciaire_5208084_1653578.html\">epilogue-apres-16-ans-de-bataille-judiciaire_5208084_1653578.html<\/a><\/p>\n<p>&nbsp;<\/p>\n<hr \/>\n<p><strong>AZF :\u00a0 les victimes\u00a0 seront \u00e0 Paris\u00a0 \u00e0 la Cour d&rsquo;Appel et \u00e0 Toulouse\u00a0 (salle du site de la catastrophe) pour l&rsquo;\u00e9coute du \u00a0verdict\u00a0du 31 octobre\u00a02017 !!<\/strong><\/p>\n<p><a href=\"http:\/\/www.azf-assodessinistres.org\/site\/wp-content\/uploads\/2017\/06\/communiqu\u00e9-de-presse-pour-la-salle-et-le-verdict.docx\">Communiqu\u00e9 de presse pour la salle et le verdict<\/a><\/p>\n<p>&nbsp;<\/p>\n<hr \/>\n<h4><strong>Les victimes ont assist\u00e9 \u00e0 leur proc\u00e8s \u00e0 la Cour d&rsquo;Appel de Paris<\/strong><\/h4>\n<p><img loading=\"lazy\" decoding=\"async\" class=\"alignnone size-medium wp-image-243\" src=\"http:\/\/www.azf-assodessinistres.org\/site\/wp-content\/uploads\/2017\/06\/cour-dappel-paris-300x169.jpg\" alt=\"\" width=\"300\" height=\"169\" srcset=\"https:\/\/www.azf-assodessinistres.org\/wp-content\/uploads\/2017\/06\/cour-dappel-paris-300x169.jpg 300w, https:\/\/www.azf-assodessinistres.org\/wp-content\/uploads\/2017\/06\/cour-dappel-paris-768x432.jpg 768w, https:\/\/www.azf-assodessinistres.org\/wp-content\/uploads\/2017\/06\/cour-dappel-paris.jpg 780w\" sizes=\"auto, (max-width: 300px) 100vw, 300px\" \/><\/p>\n<p><img loading=\"lazy\" decoding=\"async\" class=\"size-medium wp-image-273 alignright\" src=\"http:\/\/www.azf-assodessinistres.org\/site\/wp-content\/uploads\/2017\/06\/cour-dappel-300x162.jpg\" alt=\"\" width=\"300\" height=\"162\" srcset=\"https:\/\/www.azf-assodessinistres.org\/wp-content\/uploads\/2017\/06\/cour-dappel-300x162.jpg 300w, https:\/\/www.azf-assodessinistres.org\/wp-content\/uploads\/2017\/06\/cour-dappel.jpg 306w\" sizes=\"auto, (max-width: 300px) 100vw, 300px\" \/><\/p>\n<p>Le proc\u00e8s de la catastrophe d&rsquo;AZF s&rsquo;est termin\u00e9\u00a0le 24 mai 2017\u00a0devant la cour d&rsquo;appel de Paris. Le verdict a \u00e9t\u00e9 mis en d\u00e9lib\u00e9r\u00e9 et sera rendu le 31 octobre \u00e0 13 h 30. Un proc\u00e8s qui n&rsquo;apporte pas grand-chose sur le fond du dossier, et qui a d\u00e9\u00e7u les victimes, \u00e9loign\u00e9es de la salle d&rsquo;audience.<\/p>\n<p>Au dernier jour, voil\u00e0 un proc\u00e8s qui laisse bien des interrogations et bien des frustrations. Car sur le fond, on n&rsquo;a pas beaucoup progress\u00e9 par rapport aux audiences pr\u00e9c\u00e9dentes.<\/p>\n<p>Quant aux victimes, elles ont souvent v\u00e9cu cette audience longue de quatre mois comme un chemin de croix. Une exp\u00e9dition compliqu\u00e9e, co\u00fbteuse et p\u00e9nible pour \u00abmonter \u00e0 Paris\u00bb. Des longs d\u00e9lais d&rsquo;attente pour acc\u00e9der aux salles de retransmissions \u00e0 Toulouse, o\u00f9 la qualit\u00e9 d\u00e9plorable du son a rendu incompr\u00e9hensible une bonne partie des d\u00e9bats. Il en r\u00e9sulte pour les victimes un sentiment de lassitude et de frustration, renforc\u00e9 par l&rsquo;\u00e9ventualit\u00e9 d&rsquo;un nouveau proc\u00e8s. Du moins, chacun a reconnu la qualit\u00e9 et l&rsquo;\u00e9coute de la pr\u00e9sidente de la Cour, Claudine Forkel, qui a su conduire les d\u00e9bats avec tact, et sans se laisser \u00e9garer.<\/p>\n<p>Un proc\u00e8s qui s&rsquo;est aussi d\u00e9roul\u00e9 dans l&rsquo;indiff\u00e9rence g\u00e9n\u00e9rale du reste de l&rsquo;Hexagone, qui semble avoir lui, tourn\u00e9 la page depuis belle lurette. Mais \u00e0 Toulouse, des milliers de personnes n&rsquo;ont rien oubli\u00e9. Cicatrices, douleurs et cauchemars ne s&rsquo;effacent pas. Et les lenteurs de la justice sont comme du sel sur les plaies.<\/p>\n<p><img loading=\"lazy\" decoding=\"async\" class=\"size-medium wp-image-72 aligncenter\" src=\"http:\/\/www.azf-assodessinistres.org\/site\/wp-content\/uploads\/2017\/06\/201705250592-full-300x162.jpg\" alt=\"\" width=\"300\" height=\"162\" srcset=\"https:\/\/www.azf-assodessinistres.org\/wp-content\/uploads\/2017\/06\/201705250592-full-300x162.jpg 300w, https:\/\/www.azf-assodessinistres.org\/wp-content\/uploads\/2017\/06\/201705250592-full.jpg 650w\" sizes=\"auto, (max-width: 300px) 100vw, 300px\" \/><\/p>\n","protected":false},"excerpt":{"rendered":"<p>AZF : verdict le 31 octobre 2017 Nous \u00e9tions \u00e0 Paris pour le \u00ab\u00a0V\u00a0\u00bb de la Victoire pour la condamnation de Grande Paroisse ainsi que son directeur. Seul ombre, un pourvoi en cassation annonc\u00e9 d\u00e8s le verdict. Nous attendons la d\u00e9cision du tribunal. Communiqu\u00e9 de presse de\u00a0Madame la \u00a0Pr\u00e9sidente, Pauline MIRANDA\u00a0: Communiqu\u00e9 de\u00a0\u00a0presse apr\u00e8s le\u00a0verdict &hellip; <\/p>\n<p class=\"link-more\"><a href=\"https:\/\/www.azf-assodessinistres.org\/?page_id=71\" class=\"more-link\">Continuer la lecture<span class=\"screen-reader-text\"> de &laquo;&nbsp;AZF : verdict le 31 octobre 2017&nbsp;&raquo;<\/span><\/a><\/p>\n","protected":false},"author":1,"featured_media":0,"parent":0,"menu_order":1,"comment_status":"closed","ping_status":"closed","template":"","meta":{"footnotes":""},"class_list":["post-71","page","type-page","status-publish","hentry"],"_links":{"self":[{"href":"https:\/\/www.azf-assodessinistres.org\/index.php?rest_route=\/wp\/v2\/pages\/71","targetHints":{"allow":["GET"]}}],"collection":[{"href":"https:\/\/www.azf-assodessinistres.org\/index.php?rest_route=\/wp\/v2\/pages"}],"about":[{"href":"https:\/\/www.azf-assodessinistres.org\/index.php?rest_route=\/wp\/v2\/types\/page"}],"author":[{"embeddable":true,"href":"https:\/\/www.azf-assodessinistres.org\/index.php?rest_route=\/wp\/v2\/users\/1"}],"replies":[{"embeddable":true,"href":"https:\/\/www.azf-assodessinistres.org\/index.php?rest_route=%2Fwp%2Fv2%2Fcomments&post=71"}],"version-history":[{"count":11,"href":"https:\/\/www.azf-assodessinistres.org\/index.php?rest_route=\/wp\/v2\/pages\/71\/revisions"}],"predecessor-version":[{"id":688,"href":"https:\/\/www.azf-assodessinistres.org\/index.php?rest_route=\/wp\/v2\/pages\/71\/revisions\/688"}],"wp:attachment":[{"href":"https:\/\/www.azf-assodessinistres.org\/index.php?rest_route=%2Fwp%2Fv2%2Fmedia&parent=71"}],"curies":[{"name":"wp","href":"https:\/\/api.w.org\/{rel}","templated":true}]}}