{"id":444,"date":"2017-06-17T12:05:26","date_gmt":"2017-06-17T10:05:26","guid":{"rendered":"http:\/\/www.azf-assodessinistres.org\/site\/?page_id=444"},"modified":"2017-06-26T17:33:30","modified_gmt":"2017-06-26T15:33:30","slug":"accueil","status":"publish","type":"page","link":"https:\/\/www.azf-assodessinistres.org\/","title":{"rendered":"ACCUEIL"},"content":{"rendered":"<h1 style=\"text-align: center;\"><strong>ASSOCIATION DES SINISTRES DU 21 SEPTEMBRE 2001<\/strong><\/h1>\n<p>&nbsp;<\/p>\n<p style=\"text-align: center;\"><strong>Pauline Miranda &#8211; Pr\u00e9sidente\u00a0\u00a0 <\/strong><\/p>\n<p style=\"text-align: center;\"><strong>T\u00e9l : 06.03.39.89.84<\/strong><\/p>\n<p style=\"text-align: center;\"><strong> Mail : pauline.miranda.azf@orange.fr<\/strong><\/p>\n<p><strong> <img loading=\"lazy\" decoding=\"async\" class=\"size-medium wp-image-482 aligncenter\" src=\"http:\/\/www.azf-assodessinistres.org\/site\/wp-content\/uploads\/2017\/06\/pauline_2-2-300x208.jpg\" alt=\"\" width=\"300\" height=\"208\" srcset=\"https:\/\/www.azf-assodessinistres.org\/wp-content\/uploads\/2017\/06\/pauline_2-2-300x208.jpg 300w, https:\/\/www.azf-assodessinistres.org\/wp-content\/uploads\/2017\/06\/pauline_2-2-768x533.jpg 768w, https:\/\/www.azf-assodessinistres.org\/wp-content\/uploads\/2017\/06\/pauline_2-2.jpg 1024w\" sizes=\"auto, (max-width: 300px) 100vw, 300px\" \/><\/strong><\/p>\n<p><strong>Pauline Miranda succ\u00e8de \u00e0 J.F. Grelier<\/strong><\/p>\n<p>Pauline Miranda, qui \u00e9tait vice-pr\u00e9sidente,\u00a0 succ\u00e8de \u00e0 Jean-Fran\u00e7ois Grelier, au poste de pr\u00e9sidente. Dans la perspective d&rsquo;un troisi\u00e8me proc\u00e8s AZF, du 24 janvier 2017 au 24 mai 2017 \u00a0\u00e0 Paris \u2013 l&rsquo;association se pr\u00e9pare \u00e0 r\u00e9colter des fonds. Deux questions \u00e0 Pauline Miranda :<\/p>\n<p><strong>Quelle sera votre premi\u00e8re mission en tant que pr\u00e9sidente ?<\/strong><\/p>\n<p>Nous avons d\u00e9pos\u00e9 des demandes pour subventionner le transport et l&rsquo;h\u00e9bergement des non parties civiles,\u00a0de\u00a0notre Association,\u00a0pour leurs permettre d&rsquo;assister au proc\u00e8s \u00e0 Paris.<\/p>\n<p><strong>Vous avez r\u00e9ussi \u00e0 obtenir un bureau toulousain pour la gestion de ce proc\u00e8s ?<\/strong><\/p>\n<p>Oui, apr\u00e8s avoir fait beaucoup de bruit, comme \u00e0 chaque fois. Nous avons fait en sorte que cela soit possible et nous avons obtenu l&rsquo;ouverture d&rsquo;un bureau \u00e0 Toulouse le 25 novembre 2016 (Apcars), afin que soit\u00a0organis\u00e9 le d\u00e9placement des parties civiles,\u00a0 pour assister au proc\u00e8s \u00e0 Paris, durant ces quatre mois et permettre\u00a0au victimes et sinistr\u00e9s, ainsi qu&rsquo;\u00e0 \u00a0la population Toulousaine, d&rsquo;assister \u00e0 la\u00a0retransmission du proc\u00e8s,\u00a0sur \u00e9cran g\u00e9ant \u00e0 Toulouse.<\/p>\n<p><strong>Mon but<\/strong> :<\/p>\n<p>Ma plus grande pr\u00e9occupation est de ne laisser personne sur le bord du chemin. Tous les dossiers concernant les proth\u00e8ses auditives sont et seront trait\u00e9s, avec la participation de\u00a0notre interlocuteur, Ma\u00eetre ESPAGNO,\u00a0 du Cabinet MONFERRAN \u00e0 Toulouse,\u00a0et ce avec\u00a0la plus\u00a0\u00a0grande attention de ma part\u00a0 pour une meilleure qualit\u00e9 de vie\u00a0concernant les victimes malentendantes de cette catastrophe.<\/p>\n<p><strong>Le 19 janvier 2017 \u00e0 la Pr\u00e9fecture de Toulouse, en pr\u00e9sence de\u00a0:<\/strong><\/p>\n<ul>\n<li>Monsieur Pascal MAILHOS, Pr\u00e9fet de Toulouse,<\/li>\n<li>Monsieur Fr\u00e9d\u00e9rique ROSE, Directeur de Cabinet,<\/li>\n<li>Madame Juliette MEADEL (ex Secr\u00e9taire d\u2019Etat charg\u00e9 des victimes),<\/li>\n<li>Madame Pauline MIRANDA,<\/li>\n<li>Madame Brigitte AUBERT,<\/li>\n<li>Monsieur G\u00e9rard RATIER,<\/li>\n<li>l\u2019Association \u00ab\u00a0Plus jamais \u00e7a\u00a0\u00bb,<\/li>\n<\/ul>\n<p>Ainsi que d\u2019autres victimes d\u2019AZF ont assist\u00e9s \u00e0 une r\u00e9union de suivi de victimes de l\u2019explosion de l\u2019usine AZF.<\/p>\n<p>A l\u2019issue de cette r\u00e9union, <strong>Pauline MIRANDA<\/strong> a \u00e9t\u00e9\u00a0nomm\u00e9e pour repr\u00e9senter <strong>le comit\u00e9 de victimes des associations de la catastrophe d\u2019AZF sur la r\u00e9gion Toulousaine aupr\u00e8s de la Pr\u00e9fecture.<\/strong><\/p>\n<p>En contact direct, son action sera d\u2019informer le Pr\u00e9fet ainsi que le nouveau Secr\u00e9taire d\u2019Etat des difficult\u00e9s rencontr\u00e9es par toutes les victimes pour leurs dossiers.<\/p>\n<p style=\"text-align: center;\"><strong>Tous ensemble continuons\u00a0!!<\/strong><\/p>\n<hr \/>\n<p style=\"text-align: center;\"><strong>Vous pouvez\u00a0 \u00e9galement suivre toute l&rsquo;actualit\u00e9 de notre Association sur Facebook<\/strong><\/p>\n<p style=\"text-align: center;\">Suivez-nous sur <a href=\"https:\/\/www.facebook.com\/Association-des-sinistr\u00e9s-dAZF-731054820293292\/\">Facebook<\/a><\/p>\n<p>&nbsp;<\/p>\n","protected":false},"excerpt":{"rendered":"<p>ASSOCIATION DES SINISTRES DU 21 SEPTEMBRE 2001 &nbsp; Pauline Miranda &#8211; Pr\u00e9sidente\u00a0\u00a0 T\u00e9l : 06.03.39.89.84 Mail : pauline.miranda.azf@orange.fr Pauline Miranda succ\u00e8de \u00e0 J.F. Grelier Pauline Miranda, qui \u00e9tait vice-pr\u00e9sidente,\u00a0 succ\u00e8de \u00e0 Jean-Fran\u00e7ois Grelier, au poste de pr\u00e9sidente. Dans la perspective d&rsquo;un troisi\u00e8me proc\u00e8s AZF, du 24 janvier 2017 au 24 mai 2017 \u00a0\u00e0 Paris \u2013 &hellip; <\/p>\n<p class=\"link-more\"><a href=\"https:\/\/www.azf-assodessinistres.org\/\" class=\"more-link\">Continuer la lecture<span class=\"screen-reader-text\"> de &laquo;&nbsp;ACCUEIL&nbsp;&raquo;<\/span><\/a><\/p>\n","protected":false},"author":1,"featured_media":0,"parent":0,"menu_order":0,"comment_status":"closed","ping_status":"closed","template":"","meta":{"footnotes":""},"class_list":["post-444","page","type-page","status-publish","hentry"],"_links":{"self":[{"href":"https:\/\/www.azf-assodessinistres.org\/index.php?rest_route=\/wp\/v2\/pages\/444","targetHints":{"allow":["GET"]}}],"collection":[{"href":"https:\/\/www.azf-assodessinistres.org\/index.php?rest_route=\/wp\/v2\/pages"}],"about":[{"href":"https:\/\/www.azf-assodessinistres.org\/index.php?rest_route=\/wp\/v2\/types\/page"}],"author":[{"embeddable":true,"href":"https:\/\/www.azf-assodessinistres.org\/index.php?rest_route=\/wp\/v2\/users\/1"}],"replies":[{"embeddable":true,"href":"https:\/\/www.azf-assodessinistres.org\/index.php?rest_route=%2Fwp%2Fv2%2Fcomments&post=444"}],"version-history":[{"count":6,"href":"https:\/\/www.azf-assodessinistres.org\/index.php?rest_route=\/wp\/v2\/pages\/444\/revisions"}],"predecessor-version":[{"id":508,"href":"https:\/\/www.azf-assodessinistres.org\/index.php?rest_route=\/wp\/v2\/pages\/444\/revisions\/508"}],"wp:attachment":[{"href":"https:\/\/www.azf-assodessinistres.org\/index.php?rest_route=%2Fwp%2Fv2%2Fmedia&parent=444"}],"curies":[{"name":"wp","href":"https:\/\/api.w.org\/{rel}","templated":true}]}}