{"id":437,"date":"2017-06-17T11:52:25","date_gmt":"2017-06-17T09:52:25","guid":{"rendered":"http:\/\/www.azf-assodessinistres.org\/site\/?page_id=437"},"modified":"2017-06-17T11:52:25","modified_gmt":"2017-06-17T09:52:25","slug":"historique-de-lassociation","status":"publish","type":"page","link":"https:\/\/www.azf-assodessinistres.org\/?page_id=437","title":{"rendered":"Historique de l&rsquo;Association"},"content":{"rendered":"<h2>\u00a0<strong>ASSOCIATION DES SINISTRES DU 21 SEPTEMBRE 2001<\/strong><\/h2>\n<p><strong>Historique<\/strong><\/p>\n<p>L&rsquo;association des sinistr\u00e9s, c&rsquo;est quoi ?<\/p>\n<p>\u00c7a s&rsquo;est fait au hasard de la rencontre de deux voisins qui, sans se conna\u00eetre, furent r\u00e9duits par la m\u00eame explosion au triste statut de sinistr\u00e9s. Quelques affichettes tr\u00e8s artisanales, appos\u00e9es sur les platanes du quartier, invitant les habitants \u00e0 une r\u00e9union publique sur le parking de la piscine, ont suffit. Ils sont venus. Avec leur col\u00e8re, leur d\u00e9solation, leur solitude et leurs pansements. Les initiateurs, debout sur deux chaises &#8211; forc\u00e9ment bancales &#8211; tentent, \u00e0 l&rsquo;aide d&rsquo;un m\u00e9gaphone r\u00e9cup\u00e9r\u00e9 \u00e0 la h\u00e2te, de r\u00e9percuter, d&rsquo;organiser et de solliciter la parole. Elle fuse. Beaucoup de col\u00e8re, imm\u00e9diate, incontr\u00f4lable, comme l&rsquo;\u00e9v\u00e8nement. Chacun am\u00e8ne ses dol\u00e9ances et son courroux, sa solitude et sa peur. Tous expriment une col\u00e8re qui ressemble de tr\u00e8s pr\u00e9s \u00e0 celle du d\u00e9sespoir.<\/p>\n<p>Cet \u00e9trange rassemblement, entre cour des miracles et meeting revendicatif va trouver son unit\u00e9, son identit\u00e9, dans l&rsquo;exigence, unanime et r\u00e9currente de voir la justice passer.<br \/>\nC&rsquo;\u00e9tait le 23 septembre 2001.<\/p>\n<p><strong>L&rsquo;association des sinistr\u00e9s du 21 Septembre \u00e9tait n\u00e9e.<\/strong><\/p>\n","protected":false},"excerpt":{"rendered":"<p>\u00a0ASSOCIATION DES SINISTRES DU 21 SEPTEMBRE 2001 Historique L&rsquo;association des sinistr\u00e9s, c&rsquo;est quoi ? \u00c7a s&rsquo;est fait au hasard de la rencontre de deux voisins qui, sans se conna\u00eetre, furent r\u00e9duits par la m\u00eame explosion au triste statut de sinistr\u00e9s. Quelques affichettes tr\u00e8s artisanales, appos\u00e9es sur les platanes du quartier, invitant les habitants \u00e0 une &hellip; <\/p>\n<p class=\"link-more\"><a href=\"https:\/\/www.azf-assodessinistres.org\/?page_id=437\" class=\"more-link\">Continuer la lecture<span class=\"screen-reader-text\"> de &laquo;&nbsp;Historique de l&rsquo;Association&nbsp;&raquo;<\/span><\/a><\/p>\n","protected":false},"author":1,"featured_media":0,"parent":0,"menu_order":0,"comment_status":"closed","ping_status":"closed","template":"","meta":{"footnotes":""},"class_list":["post-437","page","type-page","status-publish","hentry"],"_links":{"self":[{"href":"https:\/\/www.azf-assodessinistres.org\/index.php?rest_route=\/wp\/v2\/pages\/437","targetHints":{"allow":["GET"]}}],"collection":[{"href":"https:\/\/www.azf-assodessinistres.org\/index.php?rest_route=\/wp\/v2\/pages"}],"about":[{"href":"https:\/\/www.azf-assodessinistres.org\/index.php?rest_route=\/wp\/v2\/types\/page"}],"author":[{"embeddable":true,"href":"https:\/\/www.azf-assodessinistres.org\/index.php?rest_route=\/wp\/v2\/users\/1"}],"replies":[{"embeddable":true,"href":"https:\/\/www.azf-assodessinistres.org\/index.php?rest_route=%2Fwp%2Fv2%2Fcomments&post=437"}],"version-history":[{"count":1,"href":"https:\/\/www.azf-assodessinistres.org\/index.php?rest_route=\/wp\/v2\/pages\/437\/revisions"}],"predecessor-version":[{"id":439,"href":"https:\/\/www.azf-assodessinistres.org\/index.php?rest_route=\/wp\/v2\/pages\/437\/revisions\/439"}],"wp:attachment":[{"href":"https:\/\/www.azf-assodessinistres.org\/index.php?rest_route=%2Fwp%2Fv2%2Fmedia&parent=437"}],"curies":[{"name":"wp","href":"https:\/\/api.w.org\/{rel}","templated":true}]}}