{"id":371,"date":"2017-06-15T15:23:05","date_gmt":"2017-06-15T13:23:05","guid":{"rendered":"http:\/\/www.azf-assodessinistres.org\/site\/?page_id=371"},"modified":"2018-10-05T07:07:13","modified_gmt":"2018-10-05T05:07:13","slug":"le-bureau","status":"publish","type":"page","link":"https:\/\/www.azf-assodessinistres.org\/?page_id=371","title":{"rendered":"Le bureau"},"content":{"rendered":"<p><img loading=\"lazy\" decoding=\"async\" class=\"alignnone size-thumbnail wp-image-482 aligncenter\" src=\"http:\/\/www.azf-assodessinistres.org\/site\/wp-content\/uploads\/2017\/06\/pauline_2-2-150x150.jpg\" alt=\"\" width=\"150\" height=\"150\" srcset=\"https:\/\/www.azf-assodessinistres.org\/wp-content\/uploads\/2017\/06\/pauline_2-2-150x150.jpg 150w, https:\/\/www.azf-assodessinistres.org\/wp-content\/uploads\/2017\/06\/pauline_2-2-100x100.jpg 100w\" sizes=\"auto, (max-width: 150px) 100vw, 150px\" \/><\/p>\n<p>&nbsp;<\/p>\n<p style=\"text-align: center;\"><strong>Pr\u00e9side<\/strong><strong>nte et Tr\u00e9sori\u00e8re <\/strong>:<br \/>\nPauline MIRANDA<br \/>\nT\u00e9l : 06.03.39.89.84<br \/>\n<a>pauline.miranda.azf@orange.fr<\/a><\/p>\n<p style=\"text-align: center;\"><strong>Secr\u00e9taire<\/strong> :<br \/>\nChristiane PEGOURIE<\/p>\n<p>&nbsp;<\/p>\n","protected":false},"excerpt":{"rendered":"<p>&nbsp; Pr\u00e9sidente et Tr\u00e9sori\u00e8re : Pauline MIRANDA T\u00e9l : 06.03.39.89.84 pauline.miranda.azf@orange.fr Secr\u00e9taire : Christiane PEGOURIE &nbsp;<\/p>\n","protected":false},"author":1,"featured_media":0,"parent":0,"menu_order":0,"comment_status":"closed","ping_status":"closed","template":"","meta":{"footnotes":""},"class_list":["post-371","page","type-page","status-publish","hentry"],"_links":{"self":[{"href":"https:\/\/www.azf-assodessinistres.org\/index.php?rest_route=\/wp\/v2\/pages\/371","targetHints":{"allow":["GET"]}}],"collection":[{"href":"https:\/\/www.azf-assodessinistres.org\/index.php?rest_route=\/wp\/v2\/pages"}],"about":[{"href":"https:\/\/www.azf-assodessinistres.org\/index.php?rest_route=\/wp\/v2\/types\/page"}],"author":[{"embeddable":true,"href":"https:\/\/www.azf-assodessinistres.org\/index.php?rest_route=\/wp\/v2\/users\/1"}],"replies":[{"embeddable":true,"href":"https:\/\/www.azf-assodessinistres.org\/index.php?rest_route=%2Fwp%2Fv2%2Fcomments&post=371"}],"version-history":[{"count":5,"href":"https:\/\/www.azf-assodessinistres.org\/index.php?rest_route=\/wp\/v2\/pages\/371\/revisions"}],"predecessor-version":[{"id":621,"href":"https:\/\/www.azf-assodessinistres.org\/index.php?rest_route=\/wp\/v2\/pages\/371\/revisions\/621"}],"wp:attachment":[{"href":"https:\/\/www.azf-assodessinistres.org\/index.php?rest_route=%2Fwp%2Fv2%2Fmedia&parent=371"}],"curies":[{"name":"wp","href":"https:\/\/api.w.org\/{rel}","templated":true}]}}