{"id":2,"date":"2017-01-16T13:45:39","date_gmt":"2017-01-16T12:45:39","guid":{"rendered":"http:\/\/www.azf-assodessinistres.org\/edit\/?page_id=2"},"modified":"2017-11-02T20:48:22","modified_gmt":"2017-11-02T19:48:22","slug":"page-d-exemple","status":"publish","type":"page","link":"https:\/\/www.azf-assodessinistres.org\/?page_id=2","title":{"rendered":"Proc\u00e8s AZF \u00e0 PARIS &#8211; Communiqu\u00e9 de presse"},"content":{"rendered":"<h2 style=\"text-align: center;\"><strong>Proc\u00e8s AZF \u00e0 PARIS<\/strong><\/h2>\n<p><strong>Communiqu\u00e9 de presse &#8211; Toulouse 16 janvier 2017<\/strong><\/p>\n<p>Notre 3\u00e8me proc\u00e8s de la catastrophe AZF du 21 septembre 2001 \u00e0 Toulouse va s\u2019ouvrir \u00e0 Paris, 15 ans apr\u00e8s !!!<\/p>\n<p><strong>Rappelons que le 21 septembre 2001, \u00e0 10 h 17<\/strong> exactement, Toulouse a bascul\u00e9 dans l&rsquo;horreur quand l&rsquo;usine AZF a explos\u00e9e. Ce drame a endeuill\u00e9, choqu\u00e9, bless\u00e9 et traumatis\u00e9 des milliers de personnes.<\/p>\n<figure id=\"attachment_166\" aria-describedby=\"caption-attachment-166\" style=\"width: 274px\" class=\"wp-caption alignnone\"><img loading=\"lazy\" decoding=\"async\" class=\"wp-image-166 size-full\" src=\"http:\/\/www.azf-assodessinistres.org\/site\/wp-content\/uploads\/2017\/06\/azf3.jpg\" alt=\"\" width=\"274\" height=\"184\" \/><figcaption id=\"caption-attachment-166\" class=\"wp-caption-text\">Le nuage de l&rsquo;explosion<\/figcaption><\/figure>\n<figure id=\"attachment_167\" aria-describedby=\"caption-attachment-167\" style=\"width: 262px\" class=\"wp-caption aligncenter\"><img loading=\"lazy\" decoding=\"async\" class=\"wp-image-167\" src=\"http:\/\/www.azf-assodessinistres.org\/site\/wp-content\/uploads\/2017\/06\/azf4-300x127.jpg\" alt=\"\" width=\"262\" height=\"111\" srcset=\"https:\/\/www.azf-assodessinistres.org\/wp-content\/uploads\/2017\/06\/azf4-300x127.jpg 300w, https:\/\/www.azf-assodessinistres.org\/wp-content\/uploads\/2017\/06\/azf4.jpg 344w\" sizes=\"auto, (max-width: 262px) 100vw, 262px\" \/><figcaption id=\"caption-attachment-167\" class=\"wp-caption-text\">L&rsquo;usine d\u00e9vast\u00e9e<\/figcaption><\/figure>\n<figure id=\"attachment_164\" aria-describedby=\"caption-attachment-164\" style=\"width: 277px\" class=\"wp-caption alignnone\"><img loading=\"lazy\" decoding=\"async\" class=\"wp-image-164 size-full\" src=\"http:\/\/www.azf-assodessinistres.org\/site\/wp-content\/uploads\/2017\/06\/azf1.png\" alt=\"\" width=\"277\" height=\"182\" \/><figcaption id=\"caption-attachment-164\" class=\"wp-caption-text\">La tour jaune et verte<\/figcaption><\/figure>\n<p><img loading=\"lazy\" decoding=\"async\" class=\"alignnone wp-image-165 size-full\" src=\"http:\/\/www.azf-assodessinistres.org\/site\/wp-content\/uploads\/2017\/06\/azf2.jpg\" alt=\"\" width=\"260\" height=\"194\" \/><\/p>\n<p><img loading=\"lazy\" decoding=\"async\" class=\"size-medium wp-image-163 aligncenter\" src=\"http:\/\/www.azf-assodessinistres.org\/site\/wp-content\/uploads\/2017\/06\/azf-devast\u00e9-300x171.jpg\" alt=\"\" width=\"300\" height=\"171\" srcset=\"https:\/\/www.azf-assodessinistres.org\/wp-content\/uploads\/2017\/06\/azf-devast\u00e9-300x171.jpg 300w, https:\/\/www.azf-assodessinistres.org\/wp-content\/uploads\/2017\/06\/azf-devast\u00e9.jpg 630w\" sizes=\"auto, (max-width: 300px) 100vw, 300px\" \/><\/p>\n<p style=\"text-align: center;\"><strong>15 ans d\u00e9j\u00e0\u2026.. Mais 15 ans de combat, un combat sans rel\u00e2che !<\/strong><\/p>\n<p>Les victimes aimeraient bien tourner la page, mais elles ne peuvent pas le faire !<\/p>\n<figure id=\"attachment_457\" aria-describedby=\"caption-attachment-457\" style=\"width: 300px\" class=\"wp-caption alignleft\"><img loading=\"lazy\" decoding=\"async\" class=\"wp-image-457 size-medium\" src=\"http:\/\/www.azf-assodessinistres.org\/site\/wp-content\/uploads\/2017\/01\/14502775_607571442746159_5827653166629915938_n-300x168.jpg\" alt=\"\" width=\"300\" height=\"168\" srcset=\"https:\/\/www.azf-assodessinistres.org\/wp-content\/uploads\/2017\/01\/14502775_607571442746159_5827653166629915938_n-300x168.jpg 300w, https:\/\/www.azf-assodessinistres.org\/wp-content\/uploads\/2017\/01\/14502775_607571442746159_5827653166629915938_n-768x431.jpg 768w, https:\/\/www.azf-assodessinistres.org\/wp-content\/uploads\/2017\/01\/14502775_607571442746159_5827653166629915938_n.jpg 960w\" sizes=\"auto, (max-width: 300px) 100vw, 300px\" \/><figcaption id=\"caption-attachment-457\" class=\"wp-caption-text\">Septembre 2016 devant la Tour Total \u00e0 la D\u00e9fense<\/figcaption><\/figure>\n<p>La faute de l\u2019industriel a \u00e9t\u00e9 d\u00e9montr\u00e9e de mani\u00e8re indiscutable, et cette faute \u00e0 donner lieu \u00e0 une condamnation par le tribunal de Toulouse.<br \/>\nMais il faut croire que condamner TOTAL est impossible.<\/p>\n<p>En effet, le proc\u00e8s AZF a \u00e9t\u00e9 cass\u00e9 le 13 janvier 2015, ce qui est une catastrophe judiciaire sans pr\u00e9c\u00e9dent. Le moyen de cassation retenu est ext\u00e9rieur au proc\u00e8s.<br \/>\nC\u2019est une erreur du premier Pr\u00e9sident de la Cour d\u2019Appel qui est ainsi sanctionn\u00e9.<br \/>\nLa cour de cassation a pris une lourde d\u00e9cision de cons\u00e9quence : elle a fix\u00e9 l\u2019appel \u00e0 Paris !!!!!!<\/p>\n<figure id=\"attachment_454\" aria-describedby=\"caption-attachment-454\" style=\"width: 300px\" class=\"wp-caption alignright\"><img loading=\"lazy\" decoding=\"async\" class=\"wp-image-454 size-medium\" src=\"http:\/\/www.azf-assodessinistres.org\/site\/wp-content\/uploads\/2017\/01\/ProcesAzfParisEnjeuxAudience-630x0-300x198.jpg\" alt=\"\" width=\"300\" height=\"198\" srcset=\"https:\/\/www.azf-assodessinistres.org\/wp-content\/uploads\/2017\/01\/ProcesAzfParisEnjeuxAudience-630x0-300x198.jpg 300w, https:\/\/www.azf-assodessinistres.org\/wp-content\/uploads\/2017\/01\/ProcesAzfParisEnjeuxAudience-630x0.jpg 630w\" sizes=\"auto, (max-width: 300px) 100vw, 300px\" \/><figcaption id=\"caption-attachment-454\" class=\"wp-caption-text\">Journ\u00e9e de manifestation devant le tribunal de Toulouse<\/figcaption><\/figure>\n<p>Cela prive pratiquement toutes les victimes Toulousaines d\u2019assister au proc\u00e8s.<br \/>\nOr la r\u00e8gle du contradictoire exige que les parties civiles d\u2019un proc\u00e8s puissent assister aux audiences.<br \/>\nOn va tout droit \u00e0 une caricature de justice avec une salle d\u2019audience enti\u00e8rement acquise aux d\u00e9fenseurs du groupe TOTAL.<\/p>\n<p>Parties civiles et sinistr\u00e9s, nous serons tous pr\u00e9sents \u00e0 Paris et \u00e0 Toulouse o\u00f9 une retransmission, en direct, aura lieu au centre des congr\u00e8s Pierre Baudis.<br \/>\nRDV pris \u00e0 12 heures devant les grilles du palais de justice \u00e0 Paris avec banderole et t-shirts.<\/p>\n<figure id=\"attachment_243\" aria-describedby=\"caption-attachment-243\" style=\"width: 341px\" class=\"wp-caption alignright\"><img loading=\"lazy\" decoding=\"async\" class=\"wp-image-243\" src=\"http:\/\/www.azf-assodessinistres.org\/site\/wp-content\/uploads\/2017\/06\/cour-dappel-paris-300x169.jpg\" alt=\"\" width=\"341\" height=\"192\" srcset=\"https:\/\/www.azf-assodessinistres.org\/wp-content\/uploads\/2017\/06\/cour-dappel-paris-300x169.jpg 300w, https:\/\/www.azf-assodessinistres.org\/wp-content\/uploads\/2017\/06\/cour-dappel-paris-768x432.jpg 768w, https:\/\/www.azf-assodessinistres.org\/wp-content\/uploads\/2017\/06\/cour-dappel-paris.jpg 780w\" sizes=\"auto, (max-width: 341px) 100vw, 341px\" \/><figcaption id=\"caption-attachment-243\" class=\"wp-caption-text\">Devant la Cour d&rsquo;Appel de Paris<\/figcaption><\/figure>\n<figure id=\"attachment_282\" aria-describedby=\"caption-attachment-282\" style=\"width: 300px\" class=\"wp-caption alignnone\"><img loading=\"lazy\" decoding=\"async\" class=\"wp-image-282 size-medium\" src=\"http:\/\/www.azf-assodessinistres.org\/site\/wp-content\/uploads\/2017\/01\/648x415_paris-24-janvier-2017-pauline-miranda-victime-explosion-usine-azf-manifeste-devant-palais-justice-paris-o-ouvre-troisieme-proces-catastrophe-300x192.jpg\" alt=\"\" width=\"300\" height=\"192\" srcset=\"https:\/\/www.azf-assodessinistres.org\/wp-content\/uploads\/2017\/01\/648x415_paris-24-janvier-2017-pauline-miranda-victime-explosion-usine-azf-manifeste-devant-palais-justice-paris-o-ouvre-troisieme-proces-catastrophe-300x192.jpg 300w, https:\/\/www.azf-assodessinistres.org\/wp-content\/uploads\/2017\/01\/648x415_paris-24-janvier-2017-pauline-miranda-victime-explosion-usine-azf-manifeste-devant-palais-justice-paris-o-ouvre-troisieme-proces-catastrophe.jpg 648w\" sizes=\"auto, (max-width: 300px) 100vw, 300px\" \/><figcaption id=\"caption-attachment-282\" class=\"wp-caption-text\">Triste souvenir&#8230;.<\/figcaption><\/figure>\n<p>et,<br \/>\nRDV pris entre 12h et 12h15 devant la salle Pierre Baudis \u00e0 Toulouse avec banderole et t-shirts.<\/p>\n<figure id=\"attachment_281\" aria-describedby=\"caption-attachment-281\" style=\"width: 270px\" class=\"wp-caption aligncenter\"><img loading=\"lazy\" decoding=\"async\" class=\"wp-image-281 size-full\" src=\"http:\/\/www.azf-assodessinistres.org\/site\/wp-content\/uploads\/2017\/01\/sans-titre.png\" alt=\"\" width=\"270\" height=\"187\" \/><figcaption id=\"caption-attachment-281\" class=\"wp-caption-text\">Retransmission du proc\u00e8s \u00e0 Toulouse \u00e0 la Salle Pierre Baudis<\/figcaption><\/figure>\n<p>&nbsp;<\/p>\n<p>Cette catastrophe d\u2019AZF est une catastrophe d\u2019une exceptionnelle gravit\u00e9.<br \/>\nDes moyens tout aussi exceptionnels doivent \u00eatre mis en place pour que les victimes ne soient pas exclues de ce nouveau proc\u00e8s !<\/p>\n<p style=\"text-align: center;\"><strong>Tous ensemble continuons !<\/strong><\/p>\n","protected":false},"excerpt":{"rendered":"<p>Proc\u00e8s AZF \u00e0 PARIS Communiqu\u00e9 de presse &#8211; Toulouse 16 janvier 2017 Notre 3\u00e8me proc\u00e8s de la catastrophe AZF du 21 septembre 2001 \u00e0 Toulouse va s\u2019ouvrir \u00e0 Paris, 15 ans apr\u00e8s !!! Rappelons que le 21 septembre 2001, \u00e0 10 h 17 exactement, Toulouse a bascul\u00e9 dans l&rsquo;horreur quand l&rsquo;usine AZF a explos\u00e9e. Ce &hellip; <\/p>\n<p class=\"link-more\"><a href=\"https:\/\/www.azf-assodessinistres.org\/?page_id=2\" class=\"more-link\">Continuer la lecture<span class=\"screen-reader-text\"> de &laquo;&nbsp;Proc\u00e8s AZF \u00e0 PARIS &#8211; Communiqu\u00e9 de presse&nbsp;&raquo;<\/span><\/a><\/p>\n","protected":false},"author":1,"featured_media":0,"parent":0,"menu_order":3,"comment_status":"closed","ping_status":"open","template":"","meta":{"footnotes":""},"class_list":["post-2","page","type-page","status-publish","hentry"],"_links":{"self":[{"href":"https:\/\/www.azf-assodessinistres.org\/index.php?rest_route=\/wp\/v2\/pages\/2","targetHints":{"allow":["GET"]}}],"collection":[{"href":"https:\/\/www.azf-assodessinistres.org\/index.php?rest_route=\/wp\/v2\/pages"}],"about":[{"href":"https:\/\/www.azf-assodessinistres.org\/index.php?rest_route=\/wp\/v2\/types\/page"}],"author":[{"embeddable":true,"href":"https:\/\/www.azf-assodessinistres.org\/index.php?rest_route=\/wp\/v2\/users\/1"}],"replies":[{"embeddable":true,"href":"https:\/\/www.azf-assodessinistres.org\/index.php?rest_route=%2Fwp%2Fv2%2Fcomments&post=2"}],"version-history":[{"count":21,"href":"https:\/\/www.azf-assodessinistres.org\/index.php?rest_route=\/wp\/v2\/pages\/2\/revisions"}],"predecessor-version":[{"id":613,"href":"https:\/\/www.azf-assodessinistres.org\/index.php?rest_route=\/wp\/v2\/pages\/2\/revisions\/613"}],"wp:attachment":[{"href":"https:\/\/www.azf-assodessinistres.org\/index.php?rest_route=%2Fwp%2Fv2%2Fmedia&parent=2"}],"curies":[{"name":"wp","href":"https:\/\/api.w.org\/{rel}","templated":true}]}}