{"id":162,"date":"2017-06-08T20:33:16","date_gmt":"2017-06-08T18:33:16","guid":{"rendered":"http:\/\/www.azf-assodessinistres.org\/site\/?page_id=162"},"modified":"2017-11-02T20:27:17","modified_gmt":"2017-11-02T19:27:17","slug":"les-proces-2","status":"publish","type":"page","link":"https:\/\/www.azf-assodessinistres.org\/?page_id=162","title":{"rendered":"Le 3\u00e8me proc\u00e8s"},"content":{"rendered":"<h2><strong>3<sup>\u00e8me<\/sup> Proc\u00e8s \u00e0 Paris<\/strong><\/h2>\n<p>Notre Proc\u00e8s s\u2019est d\u00e9roul\u00e9 du 24 janvier 2017 au 24 mai 2017 \u00e0 Paris \u00e0 la Cour d&rsquo;Appel<\/p>\n<p style=\"text-align: center;\"><strong>Le verdict aura lieu le 31 octobre 2017<\/strong><\/p>\n<figure id=\"attachment_243\" aria-describedby=\"caption-attachment-243\" style=\"width: 300px\" class=\"wp-caption alignnone\"><img loading=\"lazy\" decoding=\"async\" class=\"wp-image-243 size-medium\" src=\"http:\/\/www.azf-assodessinistres.org\/site\/wp-content\/uploads\/2017\/06\/cour-dappel-paris-300x169.jpg\" alt=\"\" width=\"300\" height=\"169\" srcset=\"https:\/\/www.azf-assodessinistres.org\/wp-content\/uploads\/2017\/06\/cour-dappel-paris-300x169.jpg 300w, https:\/\/www.azf-assodessinistres.org\/wp-content\/uploads\/2017\/06\/cour-dappel-paris-768x432.jpg 768w, https:\/\/www.azf-assodessinistres.org\/wp-content\/uploads\/2017\/06\/cour-dappel-paris.jpg 780w\" sizes=\"auto, (max-width: 300px) 100vw, 300px\" \/><figcaption id=\"caption-attachment-243\" class=\"wp-caption-text\">Septembre 2016 devant la Cour d&rsquo;Appel de Paris<\/figcaption><\/figure>\n<figure id=\"attachment_273\" aria-describedby=\"caption-attachment-273\" style=\"width: 300px\" class=\"wp-caption alignright\"><img loading=\"lazy\" decoding=\"async\" class=\"wp-image-273 size-medium\" src=\"http:\/\/www.azf-assodessinistres.org\/site\/wp-content\/uploads\/2017\/06\/cour-dappel-300x162.jpg\" alt=\"\" width=\"300\" height=\"162\" srcset=\"https:\/\/www.azf-assodessinistres.org\/wp-content\/uploads\/2017\/06\/cour-dappel-300x162.jpg 300w, https:\/\/www.azf-assodessinistres.org\/wp-content\/uploads\/2017\/06\/cour-dappel.jpg 306w\" sizes=\"auto, (max-width: 300px) 100vw, 300px\" \/><figcaption id=\"caption-attachment-273\" class=\"wp-caption-text\">La salle ou doit avoir lieu notre proc\u00e8s \u00e0 la Cour d&rsquo;Appel de Paris<\/figcaption><\/figure>\n<p>&nbsp;<\/p>\n<p>&nbsp;<\/p>\n<p>&nbsp;<\/p>\n<p>&nbsp;<\/p>\n<p>&nbsp;<\/p>\n<p>Voici les r\u00e9sum\u00e9s de 14 semaines d\u2019audiences :<\/p>\n<p><a href=\"http:\/\/www.azf-assodessinistres.org\/site\/wp-content\/uploads\/2017\/06\/1\u00e8re-semaine-du-proc\u00e8s.docx\">1\u00e8re semaine du proc\u00e8s<\/a><\/p>\n<p><a href=\"http:\/\/www.azf-assodessinistres.org\/site\/wp-content\/uploads\/2017\/06\/2\u00e8me-semaine-du-proc\u00e8s.docx\">2\u00e8me semaine du proc\u00e8s<\/a><\/p>\n<p><a href=\"http:\/\/www.azf-assodessinistres.org\/site\/wp-content\/uploads\/2017\/06\/3\u00e8me-semaine-du-proc\u00e8s.docx\">3\u00e8me semaine du proc\u00e8s<\/a><\/p>\n<p><a href=\"http:\/\/www.azf-assodessinistres.org\/site\/wp-content\/uploads\/2017\/06\/4-\u00e8me-semaine-du-proc\u00e8s.docx\">4 \u00e8me semaine du proc\u00e8s<\/a><\/p>\n<p><a href=\"http:\/\/www.azf-assodessinistres.org\/site\/wp-content\/uploads\/2017\/06\/5-\u00e8me-semaine-du-proc\u00e8s-2.docx\">5 \u00e8me semaine du proc\u00e8s 2<\/a><\/p>\n<p><a href=\"http:\/\/www.azf-assodessinistres.org\/site\/wp-content\/uploads\/2017\/06\/6\u00e8me-semaine-du-proc\u00e8s.doc\">6\u00e8me semaine du proc\u00e8s<\/a><\/p>\n<p><a href=\"http:\/\/www.azf-assodessinistres.org\/site\/wp-content\/uploads\/2017\/06\/7\u00e8me-semaine-du-proc\u00e8s.doc\">7\u00e8me semaine du proc\u00e8s<\/a><\/p>\n<p style=\"text-align: left;\"><a href=\"http:\/\/www.azf-assodessinistres.org\/site\/wp-content\/uploads\/2017\/06\/8\u00e8me-semaine-du-proc\u00e8s.doc\">8\u00e8me semaine du proc\u00e8s<\/a><\/p>\n<p><a href=\"http:\/\/www.azf-assodessinistres.org\/site\/wp-content\/uploads\/2017\/06\/9\u00e8me-semaine-du-proc\u00e8s.doc\">9\u00e8me semaine du proc\u00e8s<\/a><\/p>\n<p><a href=\"http:\/\/www.azf-assodessinistres.org\/site\/wp-content\/uploads\/2017\/06\/10\u00e8me-semaine-du-proc\u00e8s.doc\">10\u00e8me semaine du proc\u00e8s<\/a><\/p>\n<p><a href=\"http:\/\/www.azf-assodessinistres.org\/site\/wp-content\/uploads\/2017\/06\/11\u00e8me-semaine-du-proc\u00e8s.doc\">11\u00e8me semaine du proc\u00e8s<\/a><\/p>\n<p><a href=\"http:\/\/www.azf-assodessinistres.org\/site\/wp-content\/uploads\/2017\/06\/12\u00e8me-semaine-du-proc\u00e8s.doc\">12\u00e8me semaine du proc\u00e8s<\/a><\/p>\n<p><a href=\"http:\/\/www.azf-assodessinistres.org\/site\/wp-content\/uploads\/2017\/06\/13\u00e8me-semaine-du-proc\u00e8s.doc\">13\u00e8me semaine du proc\u00e8s<\/a><\/p>\n<p><a href=\"http:\/\/www.azf-assodessinistres.org\/site\/wp-content\/uploads\/2017\/06\/14\u00e8me-semaine-du-proc\u00e8s.doc\">14\u00e8me semaine du proc\u00e8s<\/a><\/p>\n<p><a href=\"http:\/\/www.azf-assodessinistres.org\/site\/wp-content\/uploads\/2017\/06\/Discours-de-Pauline-Miranda-proc\u00e8s-AZF.docx\">Discours de Pauline Miranda proc\u00e8s AZF<\/a><\/p>\n<p>&nbsp;<\/p>\n<figure id=\"attachment_274\" aria-describedby=\"caption-attachment-274\" style=\"width: 300px\" class=\"wp-caption aligncenter\"><img loading=\"lazy\" decoding=\"async\" class=\"wp-image-274 size-medium\" src=\"http:\/\/www.azf-assodessinistres.org\/site\/wp-content\/uploads\/2017\/06\/870x489_entree_de_la_1ere_chambre_a_paris_proces_azf_-_vm-300x169.jpg\" alt=\"\" width=\"300\" height=\"169\" srcset=\"https:\/\/www.azf-assodessinistres.org\/wp-content\/uploads\/2017\/06\/870x489_entree_de_la_1ere_chambre_a_paris_proces_azf_-_vm-300x169.jpg 300w, https:\/\/www.azf-assodessinistres.org\/wp-content\/uploads\/2017\/06\/870x489_entree_de_la_1ere_chambre_a_paris_proces_azf_-_vm-768x432.jpg 768w, https:\/\/www.azf-assodessinistres.org\/wp-content\/uploads\/2017\/06\/870x489_entree_de_la_1ere_chambre_a_paris_proces_azf_-_vm.jpg 870w\" sizes=\"auto, (max-width: 300px) 100vw, 300px\" \/><figcaption id=\"caption-attachment-274\" class=\"wp-caption-text\">24 janvier 2017 d\u00e9but notre proc\u00e8s \u00e0 la Cour d&rsquo;Appel de Paris. Il durera 4 mois.<\/figcaption><\/figure>\n<p style=\"text-align: center;\"><strong>Une catastrophe sans pr\u00e9c\u00e9dent\u00a0!<\/strong><\/p>\n<p style=\"text-align: center;\"><strong>Tous ensemble continuons !<\/strong><\/p>\n<p>&nbsp;<\/p>\n<p>&nbsp;<\/p>\n<p>&nbsp;<\/p>\n","protected":false},"excerpt":{"rendered":"<p>3\u00e8me Proc\u00e8s \u00e0 Paris Notre Proc\u00e8s s\u2019est d\u00e9roul\u00e9 du 24 janvier 2017 au 24 mai 2017 \u00e0 Paris \u00e0 la Cour d&rsquo;Appel Le verdict aura lieu le 31 octobre 2017 &nbsp; &nbsp; &nbsp; &nbsp; &nbsp; Voici les r\u00e9sum\u00e9s de 14 semaines d\u2019audiences : 1\u00e8re semaine du proc\u00e8s 2\u00e8me semaine du proc\u00e8s 3\u00e8me semaine du proc\u00e8s &hellip; <\/p>\n<p class=\"link-more\"><a href=\"https:\/\/www.azf-assodessinistres.org\/?page_id=162\" class=\"more-link\">Continuer la lecture<span class=\"screen-reader-text\"> de &laquo;&nbsp;Le 3\u00e8me proc\u00e8s&nbsp;&raquo;<\/span><\/a><\/p>\n","protected":false},"author":1,"featured_media":0,"parent":0,"menu_order":7,"comment_status":"closed","ping_status":"closed","template":"","meta":{"footnotes":""},"class_list":["post-162","page","type-page","status-publish","hentry"],"_links":{"self":[{"href":"https:\/\/www.azf-assodessinistres.org\/index.php?rest_route=\/wp\/v2\/pages\/162","targetHints":{"allow":["GET"]}}],"collection":[{"href":"https:\/\/www.azf-assodessinistres.org\/index.php?rest_route=\/wp\/v2\/pages"}],"about":[{"href":"https:\/\/www.azf-assodessinistres.org\/index.php?rest_route=\/wp\/v2\/types\/page"}],"author":[{"embeddable":true,"href":"https:\/\/www.azf-assodessinistres.org\/index.php?rest_route=\/wp\/v2\/users\/1"}],"replies":[{"embeddable":true,"href":"https:\/\/www.azf-assodessinistres.org\/index.php?rest_route=%2Fwp%2Fv2%2Fcomments&post=162"}],"version-history":[{"count":17,"href":"https:\/\/www.azf-assodessinistres.org\/index.php?rest_route=\/wp\/v2\/pages\/162\/revisions"}],"predecessor-version":[{"id":608,"href":"https:\/\/www.azf-assodessinistres.org\/index.php?rest_route=\/wp\/v2\/pages\/162\/revisions\/608"}],"wp:attachment":[{"href":"https:\/\/www.azf-assodessinistres.org\/index.php?rest_route=%2Fwp%2Fv2%2Fmedia&parent=162"}],"curies":[{"name":"wp","href":"https:\/\/api.w.org\/{rel}","templated":true}]}}