{"id":149,"date":"2017-06-08T18:09:28","date_gmt":"2017-06-08T16:09:28","guid":{"rendered":"http:\/\/www.azf-assodessinistres.org\/site\/?page_id=149"},"modified":"2017-11-02T20:44:08","modified_gmt":"2017-11-02T19:44:08","slug":"la-cassation-et-la-preparation-du-nouveau-proces-3eme-proces","status":"publish","type":"page","link":"https:\/\/www.azf-assodessinistres.org\/?page_id=149","title":{"rendered":"La cassation et la pr\u00e9paration du nouveau proc\u00e8s &#8211; 3\u00e8me proc\u00e8s"},"content":{"rendered":"<h2><strong>3\u00e8me proc\u00e8s<\/strong><\/h2>\n<h2><strong><span style=\"color: #000000; font-family: Times New Roman; font-size: x-large;\">La cassation et la pr\u00e9paration du nouveau proc\u00e8s<\/span><\/strong><\/h2>\n<p>Mais selon Thierry Carr\u00e8re, l\u2019avocat de l\u2019association des sinistr\u00e9s du 21, trouve aussi inacceptable que toutes les catastrophes \u00e0 venir soient\u00a0d\u00e9sormais\u00a0jug\u00e9es\u00a0\u00e0 Paris.<\/p>\n<p>\u00ab\u00a0Pour les victimes d\u2019AZF c\u2019est la triple peine. Ils ont v\u00e9cu la plus grande catastrophe industrielle, le plus grand fiasco judiciaire o\u00f9 on leur a fait subir l\u2019incons\u00e9quence de la justice qui n\u2019a pas su d\u00e9signer les personnes lors du proc\u00e8s en appel, mais aussi la parole de <a href=\"http:\/\/france3-regions.francetvinfo.fr\/midi-pyrenees\/haute-garonne\/toulouse\/le-troisieme-proces-azf-toujours-possible-toulouse-info-ou-intox-816649.html\" target=\"_blank\" rel=\"noopener noreferrer\">l\u2019Etat qui n\u2019a pas \u00e9t\u00e9 honor\u00e9 puisque Christiane Taubira, alors Garde des Sceaux<\/a>, avait dit que le proc\u00e8s se passerait \u00e0 Toulouse\u00a0\u00bb, insiste l\u2019ancien b\u00e2tonnier.<\/p>\n<figure id=\"attachment_157\" aria-describedby=\"caption-attachment-157\" style=\"width: 250px\" class=\"wp-caption alignright\"><img loading=\"lazy\" decoding=\"async\" class=\"wp-image-157 size-full\" src=\"http:\/\/www.azf-assodessinistres.org\/site\/wp-content\/uploads\/2017\/06\/sinistre013.jpg\" alt=\"\" width=\"250\" height=\"158\" \/><figcaption id=\"caption-attachment-157\" class=\"wp-caption-text\">Jean-Fran\u00e7ois Grelier et Madame Taubira \u00e0 la f\u00eate de la rose \u00e0 Fonsorbes<\/figcaption><\/figure>\n<p>&nbsp;<\/p>\n<p>&nbsp;<\/p>\n<p>&nbsp;<\/p>\n<figure id=\"attachment_307\" aria-describedby=\"caption-attachment-307\" style=\"width: 300px\" class=\"wp-caption alignnone\"><img loading=\"lazy\" decoding=\"async\" class=\"wp-image-307 size-medium\" src=\"http:\/\/www.azf-assodessinistres.org\/site\/wp-content\/uploads\/2017\/06\/12042970_471812932988678_4798863943921012820_n-300x225.jpg\" alt=\"\" width=\"300\" height=\"225\" srcset=\"https:\/\/www.azf-assodessinistres.org\/wp-content\/uploads\/2017\/06\/12042970_471812932988678_4798863943921012820_n-300x225.jpg 300w, https:\/\/www.azf-assodessinistres.org\/wp-content\/uploads\/2017\/06\/12042970_471812932988678_4798863943921012820_n-768x576.jpg 768w, https:\/\/www.azf-assodessinistres.org\/wp-content\/uploads\/2017\/06\/12042970_471812932988678_4798863943921012820_n.jpg 960w\" sizes=\"auto, (max-width: 300px) 100vw, 300px\" \/><figcaption id=\"caption-attachment-307\" class=\"wp-caption-text\">Tous unis derri\u00e8re la balance de la justice<\/figcaption><\/figure>\n<figure id=\"attachment_156\" aria-describedby=\"caption-attachment-156\" style=\"width: 250px\" class=\"wp-caption alignright\"><img loading=\"lazy\" decoding=\"async\" class=\"wp-image-156 size-full\" src=\"http:\/\/www.azf-assodessinistres.org\/site\/wp-content\/uploads\/2017\/06\/sinistre003.jpg\" alt=\"\" width=\"250\" height=\"158\" \/><figcaption id=\"caption-attachment-156\" class=\"wp-caption-text\">Jean-Fran\u00e7ois Grelier et Madame Taubira<\/figcaption><\/figure>\n<p>Pour ce dernier, le droit commun exige que ce proc\u00e8s ait lieu au plus proche du domicile des victimes. Et pour y parvenir, il esp\u00e8re que le <a href=\"http:\/\/www.justice.gouv.fr\/le-garde-des-sceaux-10016\/\" target=\"_blank\" rel=\"noopener noreferrer\">Garde des Sceaux<\/a> saisisse le Parlement, dernier susceptible de pouvoir faire \u00e9voluer la loi.<\/p>\n","protected":false},"excerpt":{"rendered":"<p>3\u00e8me proc\u00e8s La cassation et la pr\u00e9paration du nouveau proc\u00e8s Mais selon Thierry Carr\u00e8re, l\u2019avocat de l\u2019association des sinistr\u00e9s du 21, trouve aussi inacceptable que toutes les catastrophes \u00e0 venir soient\u00a0d\u00e9sormais\u00a0jug\u00e9es\u00a0\u00e0 Paris. \u00ab\u00a0Pour les victimes d\u2019AZF c\u2019est la triple peine. Ils ont v\u00e9cu la plus grande catastrophe industrielle, le plus grand fiasco judiciaire o\u00f9 on &hellip; <\/p>\n<p class=\"link-more\"><a href=\"https:\/\/www.azf-assodessinistres.org\/?page_id=149\" class=\"more-link\">Continuer la lecture<span class=\"screen-reader-text\"> de &laquo;&nbsp;La cassation et la pr\u00e9paration du nouveau proc\u00e8s &#8211; 3\u00e8me proc\u00e8s&nbsp;&raquo;<\/span><\/a><\/p>\n","protected":false},"author":1,"featured_media":0,"parent":162,"menu_order":3,"comment_status":"closed","ping_status":"closed","template":"","meta":{"footnotes":""},"class_list":["post-149","page","type-page","status-publish","hentry"],"_links":{"self":[{"href":"https:\/\/www.azf-assodessinistres.org\/index.php?rest_route=\/wp\/v2\/pages\/149","targetHints":{"allow":["GET"]}}],"collection":[{"href":"https:\/\/www.azf-assodessinistres.org\/index.php?rest_route=\/wp\/v2\/pages"}],"about":[{"href":"https:\/\/www.azf-assodessinistres.org\/index.php?rest_route=\/wp\/v2\/types\/page"}],"author":[{"embeddable":true,"href":"https:\/\/www.azf-assodessinistres.org\/index.php?rest_route=\/wp\/v2\/users\/1"}],"replies":[{"embeddable":true,"href":"https:\/\/www.azf-assodessinistres.org\/index.php?rest_route=%2Fwp%2Fv2%2Fcomments&post=149"}],"version-history":[{"count":11,"href":"https:\/\/www.azf-assodessinistres.org\/index.php?rest_route=\/wp\/v2\/pages\/149\/revisions"}],"predecessor-version":[{"id":612,"href":"https:\/\/www.azf-assodessinistres.org\/index.php?rest_route=\/wp\/v2\/pages\/149\/revisions\/612"}],"up":[{"embeddable":true,"href":"https:\/\/www.azf-assodessinistres.org\/index.php?rest_route=\/wp\/v2\/pages\/162"}],"wp:attachment":[{"href":"https:\/\/www.azf-assodessinistres.org\/index.php?rest_route=%2Fwp%2Fv2%2Fmedia&parent=149"}],"curies":[{"name":"wp","href":"https:\/\/api.w.org\/{rel}","templated":true}]}}