{"id":147,"date":"2017-06-08T18:06:20","date_gmt":"2017-06-08T16:06:20","guid":{"rendered":"http:\/\/www.azf-assodessinistres.org\/site\/?page_id=147"},"modified":"2017-11-02T20:42:14","modified_gmt":"2017-11-02T19:42:14","slug":"les-proces","status":"publish","type":"page","link":"https:\/\/www.azf-assodessinistres.org\/?page_id=147","title":{"rendered":"2\u00e8me proc\u00e8s : Le proc\u00e8s en appel"},"content":{"rendered":"<h2><strong>2<sup>\u00e8me<\/sup> proc\u00e8s<\/strong><\/h2>\n<h2><strong>Le proc\u00e8s en appel<\/strong><\/h2>\n<p><strong>C\u2019est Ma\u00eetre Thierry Carr\u00e8re qui est notre avocat<\/strong><\/p>\n<p>Pour le proc\u00e8s en appel, nous nous sommes rapproch\u00e9s de Ma\u00eetre Thierry Carr\u00e8re, nous avons pu constater une convergence de vue sur les objectifs et la strat\u00e9gie juridique et nous nous sommes facilement mis d\u2019accord. Ce sera donc notre avocat unique pour le proc\u00e8s en appel.<\/p>\n<figure id=\"attachment_152\" aria-describedby=\"caption-attachment-152\" style=\"width: 300px\" class=\"wp-caption aligncenter\"><img loading=\"lazy\" decoding=\"async\" class=\"wp-image-152 size-medium\" src=\"http:\/\/www.azf-assodessinistres.org\/site\/wp-content\/uploads\/2017\/06\/201203011658-300x208.jpg\" alt=\"\" width=\"300\" height=\"208\" srcset=\"https:\/\/www.azf-assodessinistres.org\/wp-content\/uploads\/2017\/06\/201203011658-300x208.jpg 300w, https:\/\/www.azf-assodessinistres.org\/wp-content\/uploads\/2017\/06\/201203011658-768x531.jpg 768w, https:\/\/www.azf-assodessinistres.org\/wp-content\/uploads\/2017\/06\/201203011658.jpg 850w\" sizes=\"auto, (max-width: 300px) 100vw, 300px\" \/><figcaption id=\"caption-attachment-152\" class=\"wp-caption-text\">Jean-Fran\u00e7ois Grelier et Ma\u00eetre Thierry Carr\u00e8re, notre conseiller juridique<\/figcaption><\/figure>\n<p><strong>Nous ne nous sommes pas battus en vain !<\/strong><\/p>\n<p><strong>Le jugement de la cour d\u2019appel du 24 septembre 2012 est une tr\u00e8s grande satisfaction pour l\u2019Association des Sinistr\u00e9s du 21 septembre. En effet la cour d\u2019appel affirme que la catastrophe AZF est due \u00e0 une erreur de manipulation dont la soci\u00e9t\u00e9 Grande Paroisse est totalement responsable, ce que nous avons toujours d\u00e9fendu.<\/strong><\/p>\n<p>Il faut cependant commencer par constater les limites de ce jugement, limites qui \u00e9taient \u00e9crites d\u00e8s 2002 par la premi\u00e8re instruction, men\u00e9e totalement \u00e0 d\u00e9charge pour le groupe Total.<\/p>\n<p>Car nous revenons de loin.\u00a0D\u2019une part, l\u2019instruction a syst\u00e9matiquement refus\u00e9 de rechercher des responsabilit\u00e9s d\u00e9passant le cadre toulousain, et d\u2019autre part elle a d\u00e9bout\u00e9 toutes les actions visant \u00e0 \u00e9tablir le d\u00e9lit d\u2019entrave \u00e0 l\u2019encontre de la Commission d\u2019enqu\u00eate interne de Total.<\/p>\n<p>C\u2019est ce qui nous a conduits \u00e0 faire la citation directe \u00e0 l\u2019encontre de la Total SA et de Thierry Desmarret. Nous ne nous faisions gu\u00e8re d\u2019illusion sur la possibilit\u00e9 de les faire condamner, mais notre proc\u00e9dure a eu l\u2019immense avantage de replacer Total au centre des d\u00e9bats. Nous avons eu raison de la faire !<\/p>\n<p>Le jugement d\u00e9douane donc le groupe Total de toutes responsabilit\u00e9s, mais les filiales, c\u2019est fait pour \u00e7a, pour \u00e9tablir une barri\u00e8re \u00e9tanche entre la catastrophe et le donneur d\u2019ordre. C\u2019est une coquille vide, Grande Paroisse qui est condamn\u00e9e, c\u2019est scandaleux, mais la loi l\u2019autorise, est faite pour \u00e7a, pourrait-on dire !<\/p>\n<p>D\u2019autre part les peines prononc\u00e9es sont d\u00e9risoires, m\u00eame si la cour d\u2019appel est all\u00e9e au-del\u00e0 des r\u00e9quisitions. En particulier le directeur Serge Biechlin a \u00e9t\u00e9 condamn\u00e9 \u00e0 un an de prison ferme. Nous approuvons cette condamnation, pas par esprit de vengeance, mais au contraire dans l\u2019int\u00e9r\u00eat de tous les Serge Biechlin du monde. Nous esp\u00e9rons que ce jugement fera jurisprudence, et qu\u2019un directeur de filiale aura ainsi un moyen de r\u00e9sister aux pressions de sa tutelle exigeant toujours plus d\u2019\u00e9conomies au d\u00e9triment de la s\u00e9curit\u00e9.<\/p>\n<p>Par contre le jugement nous satisfait pleinement. La cour d\u2019appel, par son propre raisonnement, est arriv\u00e9e aux conclusions que nous avons syst\u00e9matiquement d\u00e9fendues pour les proc\u00e8s en premi\u00e8re instance et en appel. Nous savions que nous avions raison, et nous n\u2019avons jamais vari\u00e9. Parmi les dizaines d\u2019associations de sinistr\u00e9s, il n\u2019y a que l\u2019Association des familles endeuill\u00e9es de G\u00e9rard Ratier et la notre qui ont toujours d\u00e9fendu la m\u00eame position sur l\u2019erreur industrielle et sur les fautes de Grande Paroisse outil passif aux ordres de Total.<\/p>\n<p>La cour d\u2019appel affirme donc que :<\/p>\n<ul>\n<li>L\u2019acte volontaire est \u00e9cart\u00e9 de mani\u00e8re certaine<\/li>\n<li>Les pistes farfelues (m\u00e9t\u00e9orite, bombe de la seconde guerre mondiale, arc \u00e9lectrique, foudre, etc.) sont \u00e9cart\u00e9es car elles n\u2019ont aucune consistance scientifique.<\/li>\n<li>Seul l\u2019accident chimique explique la catastrophe. Et c\u2019est le d\u00e9p\u00f4t accidentel du contenu d\u2019une benne de d\u00e9chets vingt minutes avant la catastrophe qui en est la cause. Deux faits incontestables \u00e9tablissent d\u00e9finitivement cette explication : la d\u00e9tonation s\u2019est initi\u00e9e dans le box du b\u00e2timent 221, et la d\u00e9flagration s\u2019est propag\u00e9e d\u2019est en ouest. Il y a bien eu regroupement de produits incompatibles dans le hangar 335 lors du secouage des sacs, un apport de DCCNA dans le box sur du nitrate humide, une r\u00e9action et l&rsquo;explosion. \u00abLe fonctionnement de la cha\u00eene pyrotechnique s&rsquo;av\u00e8re dor\u00e9navant d\u00e9finitivement \u00e9tabli et sans que subsiste le moindre doute\u00bb, dit-elle. Et ce sc\u00e9nario est le r\u00e9sultat de dysfonctionnement au sein de l&rsquo;usine : absence de contr\u00f4le lors du lavage des sacs, stockage de sacs de produits incompatibles, manque de contr\u00f4le sur les activit\u00e9s des sous-traitants. Elle ajoute : \u00ab en agissant de la sorte, il y a eu faute caract\u00e9ris\u00e9e et grave. Le directeur a laiss\u00e9 se cr\u00e9er les conditions qui ont permis la r\u00e9alisation du dommage. Il est p\u00e9nalement responsable.\u00bb<\/li>\n<\/ul>\n<p><strong>C\u2019est donc pour nous une victoire incontestable !<\/strong><\/p>\n<hr \/>\n<h2><strong>\u00a0<\/strong><strong>La cassation et la pr\u00e9paration du nouveau proc\u00e8s<\/strong><\/h2>\n<p>Total fait de la politique. Il ne peut supporter la condamnation. Il dispose de moyens illimit\u00e9s pour d\u00e9fendre son image. Il use de toutes les ressources proc\u00e9duri\u00e8res pour s\u2019exon\u00e9rer de ses fautes\u00a0: cour de cassation et au besoin Cour Europ\u00e9enne des Droits de l\u2019Homme.<\/p>\n<p>D\u00e8s octobre 2012, premi\u00e8re alerte, Total fait \u00e0 la cour d\u2019appel une requ\u00eate en r\u00e9cusation conduisant \u00e0 l\u2019annulation du proc\u00e8s au motif que la premi\u00e8re conseill\u00e8re serait juge et partie, car elle a des responsabilit\u00e9s dans l\u2019Inavem qui est une \u00e9manation du minist\u00e8re de la justice regroupant tous les Savim. Nous d\u00e9couvrons un nouveau probl\u00e8me. Une audience a lieu dans un climat tr\u00e8s tendu o\u00f9 les parties civiles sont pri\u00e9es de quitter la salle. La cour d\u2019appel rejette la demande de Total qui se pourvoit donc en cassation.<\/p>\n<p>Par bribes nous allons d\u00e9couvrir les dessous de l\u2019affaire. Pour un proc\u00e8s en appel, c&rsquo;est le premier pr\u00e9sident de la cour d\u2019appel qui d\u00e9signe une cour compos\u00e9e de trois magistrats, un pr\u00e9sident et deux conseillers que les pr\u00e9venus ont deux mois pour r\u00e9cuser. Dans ce temps la premi\u00e8re conseill\u00e8re d\u00e9sign\u00e9e a mis en garde la cour d\u2019appel sur un possible conflit d\u2019int\u00e9r\u00eat, mais le premier pr\u00e9sident la rassure\u00a0: il en fait son affaire. Total a son atout ma\u00eetre\u00a0: il fait un pourvoi en cassation au motif de partialit\u00e9 de la premi\u00e8re conseill\u00e8re. On comprend alors mieux ses multiples accusations de partialit\u00e9 tout au long du proc\u00e8s\u00a0: c\u2019\u00e9tait pour mieux \u00e9tayer son pourvoi en cassation.<\/p>\n<p>Lors de l\u2019audience publique du 30 octobre, l\u2019avocat g\u00e9n\u00e9ral de la cour de cassation rend un avis qui nous est plut\u00f4t favorable. Il propose de rejeter le pourvoi en cassation pour toute la partie p\u00e9nale.<\/p>\n<p>Le 13 janvier 2015, coup de th\u00e9\u00e2tre, la cour de cassation par son arr\u00eat casse le jugement AZF et ordonne un nouveau proc\u00e8s \u00e0 la cour d\u2019appel de Paris. Le coll\u00e8ge d\u2019experts a fait son travail dans l\u2019instruction. Il a apport\u00e9 la preuve de l\u2019erreur fatale. Les juges de la cour d\u2019appel ont fait leur travail. Ils ont condamn\u00e9 les responsables. La cour de cassation n\u2019est pas revenue sur le fond. Elle a simplement retenu l\u2019accusation de partialit\u00e9, au motif que la premi\u00e8re conseill\u00e8re avait des responsabilit\u00e9s dans l\u2019Inavem. A cause d\u2019un dysfonctionnement interne de la justice, il faut non seulement tout recommencer treize ans apr\u00e8s la catastrophe, mais encore tout recommencer \u00e0 Paris, ce qui interdit de fait aux parties civiles non inf\u00e9od\u00e9es \u00e0 Total de participer aux d\u00e9bats. On ne peut pas mieux m\u00e9priser les souffrances des victimes.<\/p>\n<p>Le premier pr\u00e9sident de la cour d&rsquo;appel porte seul l&rsquo;immense responsabilit\u00e9 de cette catastrophe judiciaire, nous nous r\u00e9servons le droit de saisir le Conseil Sup\u00e9rieur de la Magistrature pour exiger une sanction.<\/p>\n<p>Petition pour le 3<sup>\u00e8me<\/sup> proc\u00e8s<\/p>\n<figure id=\"attachment_153\" aria-describedby=\"caption-attachment-153\" style=\"width: 300px\" class=\"wp-caption alignleft\"><img loading=\"lazy\" decoding=\"async\" class=\"wp-image-153 size-medium\" src=\"http:\/\/www.azf-assodessinistres.org\/site\/wp-content\/uploads\/2017\/06\/15107240_634438490059454_2682462977196248394_n-300x157.jpg\" alt=\"\" width=\"300\" height=\"157\" srcset=\"https:\/\/www.azf-assodessinistres.org\/wp-content\/uploads\/2017\/06\/15107240_634438490059454_2682462977196248394_n-300x157.jpg 300w, https:\/\/www.azf-assodessinistres.org\/wp-content\/uploads\/2017\/06\/15107240_634438490059454_2682462977196248394_n-768x402.jpg 768w, https:\/\/www.azf-assodessinistres.org\/wp-content\/uploads\/2017\/06\/15107240_634438490059454_2682462977196248394_n.jpg 860w\" sizes=\"auto, (max-width: 300px) 100vw, 300px\" \/><figcaption id=\"caption-attachment-153\" class=\"wp-caption-text\">Septembre 2016, devant la Tour Total de la D\u00e9fense \u00e0 Paris<\/figcaption><\/figure>\n<p><strong> le Proc\u00e8s de l&rsquo;usine AZF doit se tenir \u00e0 Toulouse !<\/strong><\/p>\n<p><strong>APR\u00c8S 14 ANS, les victimes de l&rsquo;explosion de l&rsquo;usine AZF de Toulouse ont encore besoin de votre soutien.<\/strong><\/p>\n<p>En effet, apr\u00e8s avoir subit <strong>deux proc\u00e8s \u00e9prouvants et massivement suivis par les parties civiles (environ 3200 personnes), \u00e0 la salle Mermoz de Toulouse<\/strong>\u00a0; un au p\u00e9nal et l&rsquo;autre en appel lors duquel Grande Paroisse (TOTAL) a \u00e9t\u00e9 condamn\u00e9e. Ce verdict a \u00e9t\u00e9 cass\u00e9 pour une erreur gravissime de la cour d&rsquo;appel de Toulouse. En cons\u00e9quence, la cour de cassation a fix\u00e9 le <strong>nouveau proc\u00e8s \u00e0 Paris<\/strong>.<\/p>\n<figure id=\"attachment_154\" aria-describedby=\"caption-attachment-154\" style=\"width: 300px\" class=\"wp-caption alignright\"><img loading=\"lazy\" decoding=\"async\" class=\"wp-image-154 size-medium\" src=\"http:\/\/www.azf-assodessinistres.org\/site\/wp-content\/uploads\/2017\/06\/grelierparis-300x169.jpg\" alt=\"\" width=\"300\" height=\"169\" srcset=\"https:\/\/www.azf-assodessinistres.org\/wp-content\/uploads\/2017\/06\/grelierparis-300x169.jpg 300w, https:\/\/www.azf-assodessinistres.org\/wp-content\/uploads\/2017\/06\/grelierparis-768x432.jpg 768w, https:\/\/www.azf-assodessinistres.org\/wp-content\/uploads\/2017\/06\/grelierparis.jpg 780w\" sizes=\"auto, (max-width: 300px) 100vw, 300px\" \/><figcaption id=\"caption-attachment-154\" class=\"wp-caption-text\">Septembre 2016, devant la Cour d&rsquo;Appel de Paris<\/figcaption><\/figure>\n<p>&nbsp;<\/p>\n<p><em>Pour Total c&rsquo;est facile, pour les parties civiles c&rsquo;est difficile, encore un rapport de force.<\/em><\/p>\n<p><strong>Cela emp\u00eache physiquement et financi\u00e8rement \u00e0 plus de 3200 parties civiles toulousaines d&rsquo;assister au proc\u00e8s<\/strong>. Car ceci implique une avance des frais pour une p\u00e9riode de 4 mois, dur\u00e9e moyenne du proc\u00e8s (d\u00e9placements, h\u00e9bergements, etc&#8230;) Peu ou prou de personnes ne pourront avancer ces <strong>frais \u00e9valu\u00e9s aux alentours de 15.000\u20ac par personne<\/strong>.<\/p>\n<p>Nous nous sentons <strong>exclu de notre propre proc\u00e8s<\/strong> et nous le vivons comme <strong>une nouvelle injustice<\/strong>. Dans ces conditions il nous est difficile de tourner la page.<\/p>\n<p><strong>C&rsquo;est pourquoi nous sollicitons votre soutien afin que nous puissions assister dignement \u00e0 notre proc\u00e8s. Celui-ci doit se tenir logiquement dans la ville o\u00f9 la catastrophe a eu lieu, c&rsquo;est-\u00e0-dire ici \u00e0 Toulouse.<\/strong><\/p>\n<figure id=\"attachment_159\" aria-describedby=\"caption-attachment-159\" style=\"width: 287px\" class=\"wp-caption alignright\"><img loading=\"lazy\" decoding=\"async\" class=\"wp-image-159 size-full\" src=\"http:\/\/www.azf-assodessinistres.org\/site\/wp-content\/uploads\/2017\/06\/place-capitole.png\" alt=\"\" width=\"287\" height=\"176\" \/><figcaption id=\"caption-attachment-159\" class=\"wp-caption-text\">O Toulouse !!<\/figcaption><\/figure>\n<p>&nbsp;<\/p>\n<figure id=\"attachment_155\" aria-describedby=\"caption-attachment-155\" style=\"width: 300px\" class=\"wp-caption alignnone\"><img loading=\"lazy\" decoding=\"async\" class=\"wp-image-155 size-medium\" src=\"http:\/\/www.azf-assodessinistres.org\/site\/wp-content\/uploads\/2017\/06\/20160331190442091-0-300x162.jpg\" alt=\"\" width=\"300\" height=\"162\" srcset=\"https:\/\/www.azf-assodessinistres.org\/wp-content\/uploads\/2017\/06\/20160331190442091-0-300x162.jpg 300w, https:\/\/www.azf-assodessinistres.org\/wp-content\/uploads\/2017\/06\/20160331190442091-0.jpg 650w\" sizes=\"auto, (max-width: 300px) 100vw, 300px\" \/><figcaption id=\"caption-attachment-155\" class=\"wp-caption-text\">Si\u00e8ge \u00e0 l&rsquo;annexe de la Maire de Lafourguette pour nous faire entendre afin d&rsquo;obtenir un rendez-vous avec le Ministre de la Justice<\/figcaption><\/figure>\n<p><em>Par d\u00e9cret le Garde des Sceaux peut ordonner au tribunal d\u00e9sign\u00e9 de se d\u00e9placer \u00e0 Toulouse.<\/em><\/p>\n<p>En m\u00eame temps, <strong>la r\u00e8gle du contradictoire exige que les parties civiles puissent assister aux audiences<\/strong>.<\/p>\n<p>Sachez-le cette r\u00e8gle n&rsquo;est pas particuli\u00e8re \u00e0 ce proc\u00e8s. Effectivement, depuis le <a href=\"https:\/\/www.legifrance.gouv.fr\/eli\/decret\/2014\/12\/26\/JUSD1429109D\/jo\/texte\">D\u00e9cret n\u00b02014-1634 du 26 d\u00e9cembre 2014<\/a>, <strong>les proc\u00e8s de catastrophes industrielles en France et aux DOM-TOM se tiendront d\u00e9sormais \u00e0 Paris ou \u00e0 Marseille<\/strong>, en compl\u00e8te contradiction avec cette r\u00e8gle du contradictoire.<\/p>\n<p><em>Il ne s&rsquo;agit pas d&rsquo;un combat Toulousain mais d&rsquo;un combat National. Nous sommes tous concern\u00e9s par ce d\u00e9cret particuli\u00e8rement injuste.<\/em><\/p>\n<figure id=\"attachment_156\" aria-describedby=\"caption-attachment-156\" style=\"width: 250px\" class=\"wp-caption alignleft\"><img loading=\"lazy\" decoding=\"async\" class=\"wp-image-156 size-full\" src=\"http:\/\/www.azf-assodessinistres.org\/site\/wp-content\/uploads\/2017\/06\/sinistre003.jpg\" alt=\"\" width=\"250\" height=\"158\" \/><figcaption id=\"caption-attachment-156\" class=\"wp-caption-text\">F\u00eate de la rose \u00e0 Fonsorbes o\u00f9 Madame Taubira nous a menti.<\/figcaption><\/figure>\n<p>Pourtant, lors de la f\u00eate de la rose \u00e0 Fonsorbes en 2015, nous avons interpell\u00e9 Madame Taubira, alors Ministre de la Justice qui droit dans les yeux nous affirmer que le proc\u00e8s se tiendrait \u00e0 Toulouse\u2026..<\/p>\n<p>&nbsp;<\/p>\n<figure id=\"attachment_157\" aria-describedby=\"caption-attachment-157\" style=\"width: 150px\" class=\"wp-caption alignright\"><img loading=\"lazy\" decoding=\"async\" class=\"wp-image-157 size-thumbnail\" src=\"http:\/\/www.azf-assodessinistres.org\/site\/wp-content\/uploads\/2017\/06\/sinistre013-150x150.jpg\" alt=\"\" width=\"150\" height=\"150\" srcset=\"https:\/\/www.azf-assodessinistres.org\/wp-content\/uploads\/2017\/06\/sinistre013-150x150.jpg 150w, https:\/\/www.azf-assodessinistres.org\/wp-content\/uploads\/2017\/06\/sinistre013-100x100.jpg 100w\" sizes=\"auto, (max-width: 150px) 100vw, 150px\" \/><figcaption id=\"caption-attachment-157\" class=\"wp-caption-text\">Madame Taubira face \u00e0 Jean-Fran\u00e7ois qui affirme que le proc\u00e8s peut se tenir \u00e0 Toulouse<\/figcaption><\/figure>\n<p>Mais l\u00e0 encore\u2026.paroles, paroles et paroles\u2026.<\/p>\n<h2><strong><br \/>\n<\/strong><\/h2>\n<p>&nbsp;<\/p>\n","protected":false},"excerpt":{"rendered":"<p>2\u00e8me proc\u00e8s Le proc\u00e8s en appel C\u2019est Ma\u00eetre Thierry Carr\u00e8re qui est notre avocat Pour le proc\u00e8s en appel, nous nous sommes rapproch\u00e9s de Ma\u00eetre Thierry Carr\u00e8re, nous avons pu constater une convergence de vue sur les objectifs et la strat\u00e9gie juridique et nous nous sommes facilement mis d\u2019accord. Ce sera donc notre avocat unique &hellip; <\/p>\n<p class=\"link-more\"><a href=\"https:\/\/www.azf-assodessinistres.org\/?page_id=147\" class=\"more-link\">Continuer la lecture<span class=\"screen-reader-text\"> de &laquo;&nbsp;2\u00e8me proc\u00e8s : Le proc\u00e8s en appel&nbsp;&raquo;<\/span><\/a><\/p>\n","protected":false},"author":1,"featured_media":0,"parent":79,"menu_order":2,"comment_status":"closed","ping_status":"closed","template":"","meta":{"footnotes":""},"class_list":["post-147","page","type-page","status-publish","hentry"],"_links":{"self":[{"href":"https:\/\/www.azf-assodessinistres.org\/index.php?rest_route=\/wp\/v2\/pages\/147","targetHints":{"allow":["GET"]}}],"collection":[{"href":"https:\/\/www.azf-assodessinistres.org\/index.php?rest_route=\/wp\/v2\/pages"}],"about":[{"href":"https:\/\/www.azf-assodessinistres.org\/index.php?rest_route=\/wp\/v2\/types\/page"}],"author":[{"embeddable":true,"href":"https:\/\/www.azf-assodessinistres.org\/index.php?rest_route=\/wp\/v2\/users\/1"}],"replies":[{"embeddable":true,"href":"https:\/\/www.azf-assodessinistres.org\/index.php?rest_route=%2Fwp%2Fv2%2Fcomments&post=147"}],"version-history":[{"count":8,"href":"https:\/\/www.azf-assodessinistres.org\/index.php?rest_route=\/wp\/v2\/pages\/147\/revisions"}],"predecessor-version":[{"id":611,"href":"https:\/\/www.azf-assodessinistres.org\/index.php?rest_route=\/wp\/v2\/pages\/147\/revisions\/611"}],"up":[{"embeddable":true,"href":"https:\/\/www.azf-assodessinistres.org\/index.php?rest_route=\/wp\/v2\/pages\/79"}],"wp:attachment":[{"href":"https:\/\/www.azf-assodessinistres.org\/index.php?rest_route=%2Fwp%2Fv2%2Fmedia&parent=147"}],"curies":[{"name":"wp","href":"https:\/\/api.w.org\/{rel}","templated":true}]}}