{"id":129,"date":"2017-06-04T20:28:03","date_gmt":"2017-06-04T18:28:03","guid":{"rendered":"http:\/\/www.azf-assodessinistres.org\/site\/?page_id=129"},"modified":"2017-06-15T15:53:23","modified_gmt":"2017-06-15T13:53:23","slug":"la-prise-en-charge-des-victimes","status":"publish","type":"page","link":"https:\/\/www.azf-assodessinistres.org\/?page_id=129","title":{"rendered":"La prise en charge des Victimes"},"content":{"rendered":"<h2 style=\"text-align: left;\"><strong>Le dernier dispositif de prise en charge des victimes<\/strong><\/h2>\n<p>Il appartient donc d\u00e9sormais aux personnes qui s&rsquo;estimeraient victimes de l&rsquo;explosion et n&rsquo;auraient pas encore pr\u00e9sent\u00e9 de demande de s&rsquo;adresser directement\u00a0au cabinet\u00a0Monferran \u00e0 Toulouse\u00a0et d&rsquo;intenter une action en justice.<\/p>\n<p>Il est par contre act\u00e9 que les victimes qui ont b\u00e9n\u00e9fici\u00e9 du dispositif d&rsquo;indemnisation amiable doivent continuer \u00e0 b\u00e9n\u00e9ficier d&rsquo;un dispositif d\u00e9rogatoire et plus favorable au droit commun lorsqu&rsquo;elles pr\u00e9sentent une aggravation de leur \u00e9tat.<\/p>\n<p>Apr\u00e8s discussions sur la mise en place ou non d&rsquo;un filtre entre la demande et la mise en \u0153uvre d&rsquo;une nouvelle expertise de la victime, il est retenu le dispositif de prise en charge suivant:<\/p>\n<ul>\n<li>Toute victime qui se pr\u00e9vaudrait d&rsquo;une aggravation de son \u00e9tat de sant\u00e9 doit envoyer sa demande \u00e0 l&rsquo;adresse suivante :<\/li>\n<li>\n<p style=\"text-align: center;\"><strong>Cabinet d&rsquo;Avocats MONFERRAN<\/strong><br \/>\n<strong>22 rue de la Dalbade<\/strong><br \/>\n<strong>31000 &#8211;\u00a0Toulouse <\/strong><\/p>\n<p>Elle doit pr\u00e9senter un certificat m\u00e9dical circonstanci\u00e9 \u00e0 l&rsquo;appui de sa demande et pr\u00e9ciser les r\u00e9f\u00e9rences de son dossier d&rsquo;indemnisation directement au cabinet Monferran, celui-ci examine la demande. Si elle est adminse, il d\u00e9signe un expert parmi ceux figurants sur leur liste.Si cette demande ne rel\u00e8ve pas, \u00e0 priori, d&rsquo;une aggravation, le cabinet Monferran en \u00a0informe la victime.<\/p>\n<div>Lorsque le dossier est admis en expertise, le Cabinet Monferran dispose d&rsquo;un d\u00e9lai d&rsquo;un mois, apr\u00e8s la r\u00e9ception du rapport d&rsquo;expertise et la communication de la cr\u00e9ance de la CPAM, pour transmettre son offre \u00e0 la victime.<\/div>\n<\/li>\n<\/ul>\n<p><strong>Lorsque l&rsquo;aggravation est av\u00e9r\u00e9e, outre l&rsquo;indemnisation du pr\u00e9judice constat\u00e9,\u00a0 Le cabinet Monferran\u00a0prend en charge les frais de m\u00e9decin conseil de la victime (selon les bar\u00e8mes d\u00e9j\u00e0 existants dans le cadre du comit\u00e9 de suivi) ainsi que les frais d&rsquo;avocat.<\/strong><\/p>\n<hr \/>\n<h1 style=\"text-align: left;\"><strong>Perte d&rsquo;audition<\/strong><\/h1>\n<p style=\"text-align: left;\">A l&rsquo;heure actuelle, en 2017,\u00a0si vous avez d\u00e9j\u00e0 \u00e9t\u00e9 r\u00e9f\u00e9renc\u00e9 en tant que victime et si vous avez pass\u00e9 une expertise m\u00e9dicale. Vous pouvez vous adresser directement \u00e0 :<\/p>\n<p style=\"text-align: left;\">\u00a0Pauline MIRANDA\u00a0 &#8211; <strong>06.03.39.89.84<\/strong> &#8211; pauline.miranda.azf@orange.fr<\/p>\n<p style=\"text-align: left;\">Que ce soit pour le renouvellement de vos proth\u00e8ses auditives\u00a0ou pour une aggravation.<\/p>\n<p style=\"text-align: left;\">Les personnes qui n&rsquo;ont pas \u00e9t\u00e9 r\u00e9f\u00e9renc\u00e9 en tant que victime doivent saisir le tribunal afin de demander une expertise m\u00e9dicale pour \u00eatre reconnue victime de l&rsquo;explosion AZF (victime invisible).<\/p>\n<p>&nbsp;<\/p>\n","protected":false},"excerpt":{"rendered":"<p>Le dernier dispositif de prise en charge des victimes Il appartient donc d\u00e9sormais aux personnes qui s&rsquo;estimeraient victimes de l&rsquo;explosion et n&rsquo;auraient pas encore pr\u00e9sent\u00e9 de demande de s&rsquo;adresser directement\u00a0au cabinet\u00a0Monferran \u00e0 Toulouse\u00a0et d&rsquo;intenter une action en justice. Il est par contre act\u00e9 que les victimes qui ont b\u00e9n\u00e9fici\u00e9 du dispositif d&rsquo;indemnisation amiable doivent continuer &hellip; <\/p>\n<p class=\"link-more\"><a href=\"https:\/\/www.azf-assodessinistres.org\/?page_id=129\" class=\"more-link\">Continuer la lecture<span class=\"screen-reader-text\"> de &laquo;&nbsp;La prise en charge des Victimes&nbsp;&raquo;<\/span><\/a><\/p>\n","protected":false},"author":1,"featured_media":0,"parent":77,"menu_order":4,"comment_status":"closed","ping_status":"closed","template":"","meta":{"footnotes":""},"class_list":["post-129","page","type-page","status-publish","hentry"],"_links":{"self":[{"href":"https:\/\/www.azf-assodessinistres.org\/index.php?rest_route=\/wp\/v2\/pages\/129","targetHints":{"allow":["GET"]}}],"collection":[{"href":"https:\/\/www.azf-assodessinistres.org\/index.php?rest_route=\/wp\/v2\/pages"}],"about":[{"href":"https:\/\/www.azf-assodessinistres.org\/index.php?rest_route=\/wp\/v2\/types\/page"}],"author":[{"embeddable":true,"href":"https:\/\/www.azf-assodessinistres.org\/index.php?rest_route=\/wp\/v2\/users\/1"}],"replies":[{"embeddable":true,"href":"https:\/\/www.azf-assodessinistres.org\/index.php?rest_route=%2Fwp%2Fv2%2Fcomments&post=129"}],"version-history":[{"count":12,"href":"https:\/\/www.azf-assodessinistres.org\/index.php?rest_route=\/wp\/v2\/pages\/129\/revisions"}],"predecessor-version":[{"id":396,"href":"https:\/\/www.azf-assodessinistres.org\/index.php?rest_route=\/wp\/v2\/pages\/129\/revisions\/396"}],"up":[{"embeddable":true,"href":"https:\/\/www.azf-assodessinistres.org\/index.php?rest_route=\/wp\/v2\/pages\/77"}],"wp:attachment":[{"href":"https:\/\/www.azf-assodessinistres.org\/index.php?rest_route=%2Fwp%2Fv2%2Fmedia&parent=129"}],"curies":[{"name":"wp","href":"https:\/\/api.w.org\/{rel}","templated":true}]}}