{"id":127,"date":"2017-06-04T20:26:14","date_gmt":"2017-06-04T18:26:14","guid":{"rendered":"http:\/\/www.azf-assodessinistres.org\/site\/?page_id=127"},"modified":"2017-06-15T15:53:03","modified_gmt":"2017-06-15T13:53:03","slug":"le-comite-de-suivi-des-victimes","status":"publish","type":"page","link":"https:\/\/www.azf-assodessinistres.org\/?page_id=127","title":{"rendered":"Le Comit\u00e9 de Suivi des Victimes"},"content":{"rendered":"<h2 style=\"text-align: left;\">Le Comit\u00e9 National de Suivi des Victimes<\/h2>\n<p>Devant l&rsquo;ampleur de la catastrophe du 21 septembre 2001, et suite \u00e0 la mobilisation exceptionnelle des associations de sinistr\u00e9s et des Toulousains eux-m\u00eames, un Comit\u00e9 National de Suivi pour la prise en charge des victimes de l&rsquo;explosion de l&rsquo;usine AZF a \u00e9t\u00e9 mis en place le 03 octobre 2001 sous l&rsquo;\u00e9gide du minist\u00e8re de la Justice (<strong>CNSV<\/strong>).<\/p>\n<p>Ce comit\u00e9 a pour membres des repr\u00e9sentants des institutions judiciaires, de la Pr\u00e9fecture, des collectivit\u00e9 territoriales, des compagnies d&rsquo;assurances, de l&rsquo;ordre des avocats, du service d&rsquo;aide aux victimes, de la CPAM, de Grande Paroisse (le propri\u00e9taire de l&rsquo;usine AZF), du groupe Total et de leurs assureurs (AON et EQUAD).<\/p>\n<p>L&rsquo;Association, forte de son agr\u00e9ment aux fins de partie civile, demande \u00e0 si\u00e9ger au sein du CNSV.<\/p>\n<p>L&rsquo;outil du CNSV est <strong>la Convention nationale pour l&rsquo;indemnisation des victimes de l&rsquo;explosion de l&rsquo;usine Grande-Paroisse, Groupe TotalFinaElf, sign\u00e9e le 31 octobre 2001<\/strong>. Elle pr\u00e9voit un certain nombre de mesures exceptionnelles et d\u00e9rogatoires aux clauses des contrats d&rsquo;assurance, dont le but est de favoriser une indemnisation simple, \u00e9quitable du pr\u00e9judice des victimes, tout en sauvegardant express\u00e9ment leurs droits et leurs possibilit\u00e9s de recours amiables ou devant les tribunaux. Elle r\u00e8gle \u00e9galement l&rsquo;indemnisation des personnes qui n&rsquo;\u00e9taient pas assur\u00e9es au moment de la catastrophe.<\/p>\n<p>Le Comit\u00e9 de Suivi apporte des garanties d&rsquo;objectivit\u00e9, d&rsquo;ind\u00e9pendance, d&rsquo;impartialit\u00e9 quant \u00e0 la gestion des proc\u00e9dures d&rsquo;indemnisation des pr\u00e9judices li\u00e9s \u00e0 l&rsquo;explosion d&rsquo;AZF. C&rsquo;est un lieu d&rsquo;\u00e9changes, de prises de d\u00e9cisions, mais aussi de n\u00e9gociations. Face \u00e0 l&rsquo;ampleur sans pr\u00e9c\u00e9dent des d\u00e9g\u00e2ts, tant humains que mat\u00e9riels, nous avons interpell\u00e9 le CNSV sur des points pr\u00e9cis qui ont donn\u00e9 lieu \u00e0 diff\u00e9rents \u00ab\u00a0avenants\u00a0\u00bb \u00e0 la Convention Nationale (remboursement des frais m\u00e9dicaux CPAM, non prise en compte de la v\u00e9tust\u00e9, m\u00e9diation locative, etc.).<\/p>\n<p>Notre association s&rsquo;est particuli\u00e8rement illustr\u00e9e dans la prise en compte d&rsquo;un pr\u00e9judice sp\u00e9cifique qui reconna\u00eet l&rsquo;aspect collectif de la catastrophe.<\/p>\n","protected":false},"excerpt":{"rendered":"<p>Le Comit\u00e9 National de Suivi des Victimes Devant l&rsquo;ampleur de la catastrophe du 21 septembre 2001, et suite \u00e0 la mobilisation exceptionnelle des associations de sinistr\u00e9s et des Toulousains eux-m\u00eames, un Comit\u00e9 National de Suivi pour la prise en charge des victimes de l&rsquo;explosion de l&rsquo;usine AZF a \u00e9t\u00e9 mis en place le 03 octobre &hellip; <\/p>\n<p class=\"link-more\"><a href=\"https:\/\/www.azf-assodessinistres.org\/?page_id=127\" class=\"more-link\">Continuer la lecture<span class=\"screen-reader-text\"> de &laquo;&nbsp;Le Comit\u00e9 de Suivi des Victimes&nbsp;&raquo;<\/span><\/a><\/p>\n","protected":false},"author":1,"featured_media":0,"parent":77,"menu_order":3,"comment_status":"closed","ping_status":"closed","template":"","meta":{"footnotes":""},"class_list":["post-127","page","type-page","status-publish","hentry"],"_links":{"self":[{"href":"https:\/\/www.azf-assodessinistres.org\/index.php?rest_route=\/wp\/v2\/pages\/127","targetHints":{"allow":["GET"]}}],"collection":[{"href":"https:\/\/www.azf-assodessinistres.org\/index.php?rest_route=\/wp\/v2\/pages"}],"about":[{"href":"https:\/\/www.azf-assodessinistres.org\/index.php?rest_route=\/wp\/v2\/types\/page"}],"author":[{"embeddable":true,"href":"https:\/\/www.azf-assodessinistres.org\/index.php?rest_route=\/wp\/v2\/users\/1"}],"replies":[{"embeddable":true,"href":"https:\/\/www.azf-assodessinistres.org\/index.php?rest_route=%2Fwp%2Fv2%2Fcomments&post=127"}],"version-history":[{"count":5,"href":"https:\/\/www.azf-assodessinistres.org\/index.php?rest_route=\/wp\/v2\/pages\/127\/revisions"}],"predecessor-version":[{"id":395,"href":"https:\/\/www.azf-assodessinistres.org\/index.php?rest_route=\/wp\/v2\/pages\/127\/revisions\/395"}],"up":[{"embeddable":true,"href":"https:\/\/www.azf-assodessinistres.org\/index.php?rest_route=\/wp\/v2\/pages\/77"}],"wp:attachment":[{"href":"https:\/\/www.azf-assodessinistres.org\/index.php?rest_route=%2Fwp%2Fv2%2Fmedia&parent=127"}],"curies":[{"name":"wp","href":"https:\/\/api.w.org\/{rel}","templated":true}]}}