{"id":125,"date":"2017-06-04T20:23:59","date_gmt":"2017-06-04T18:23:59","guid":{"rendered":"http:\/\/www.azf-assodessinistres.org\/site\/?page_id=125"},"modified":"2017-06-15T15:52:40","modified_gmt":"2017-06-15T13:52:40","slug":"bilan-materiel-de-lexplosion","status":"publish","type":"page","link":"https:\/\/www.azf-assodessinistres.org\/?page_id=125","title":{"rendered":"Bilan mat\u00e9riel de l&rsquo;explosion"},"content":{"rendered":"<h2 style=\"text-align: left;\">Les dommages mat\u00e9riels, un impact professionnel et social sur l&rsquo;ensemble de la ville<\/h2>\n<p>Selon la F\u00e9d\u00e9ration fran\u00e7aise des soci\u00e9t\u00e9s d&rsquo;assurance, 75 000 sinistres ont \u00e9t\u00e9 d\u00e9clar\u00e9s, concernant \u00e0 90% des particuliers. Les dommages des entreprises repr\u00e9sentent pr\u00e9s de 90 % du co\u00fbt des remboursements.<\/p>\n<p>Lors de la derni\u00e8re r\u00e9union du Comit\u00e9 de Suivi des Victimes, le 23 novembre 2007 : l&rsquo;assureur de TOTAL, AON, annon\u00e7ait une indemnisation des dommages mat\u00e9riels d&rsquo;un montant de 1 607 499 000 \u20ac (int\u00e9grant tant les victimes individuelles que les personnes morales).<\/p>\n<h3><strong>Logements<\/strong><\/h3>\n<p>Selon La Pr\u00e9fecture de Haute Garonne, l&rsquo;explosion aurait d\u00e9truit ou endommag\u00e9s 30 000 logements.<\/p>\n<p>Les d\u00e9g\u00e2ts aux logements ont touch\u00e9 :<\/p>\n<ul>\n<li>La quasi-totalit\u00e9 des r\u00e9sidents de la zone proche<\/li>\n<li>40 % de la zone \u00e9loign\u00e9e<\/li>\n<li>+ d&rsquo;1 habitant sur 10 a d\u00e9clar\u00e9 avoir \u00e9t\u00e9 relog\u00e9 provisoirement en raison des d\u00e9g\u00e2ts<\/li>\n<\/ul>\n<p>&nbsp;<\/p>\n<div align=\"center\"><img loading=\"lazy\" decoding=\"async\" src=\"http:\/\/azf-assodessinistres.org\/img\/photos\/maison3.jpg\" width=\"100\" height=\"70\" \/>\u00a0\u00a0 <img loading=\"lazy\" decoding=\"async\" src=\"http:\/\/azf-assodessinistres.org\/img\/photos\/immeuble3.jpg\" width=\"100\" height=\"70\" \/>\u00a0\u00a0 <img loading=\"lazy\" decoding=\"async\" src=\"http:\/\/azf-assodessinistres.org\/img\/photos\/maison7.jpg\" width=\"100\" height=\"70\" \/>\u00a0\u00a0 <img loading=\"lazy\" decoding=\"async\" src=\"http:\/\/azf-assodessinistres.org\/img\/photos\/degats3.jpg\" width=\"100\" height=\"70\" \/>\u00a0\u00a0 <img loading=\"lazy\" decoding=\"async\" src=\"http:\/\/azf-assodessinistres.org\/img\/photos\/thumbnails\/sinistre040.JPG\" width=\"100\" height=\"70\" \/><\/div>\n<p>&nbsp;<\/p>\n<h3><strong>Education<\/strong><\/h3>\n<ul>\n<li>18 cr\u00e8ches et haltes garderies touch\u00e9es, dont 1 gravement<\/li>\n<li>82 \u00e9coles primaires sinistr\u00e9es (dont 31 s\u00e9rieusement endommag\u00e9es), l&rsquo;\u00e9cole Maurice Jacquier et l&rsquo;\u00e9cole des Oustalous sont enti\u00e8rement \u00e0 reconstruire<\/li>\n<li>18 coll\u00e8ges sinistr\u00e9s<\/li>\n<li>11 lyc\u00e9es, le lyc\u00e9e Fran\u00e7oise et le lyc\u00e9e Gallieni (qui a vu le d\u00e9c\u00e8s d&rsquo;un des ses \u00e9l\u00e8ves) sont \u00e9galement \u00e0 reconstruire<\/li>\n<li>4 \u00e9tablissements d&rsquo;enseignement sup\u00e9rieur, dont l&rsquo;\u00c9cole de Chimie \u00e0 reconstruire enti\u00e8rement et 3 cit\u00e9s universitaires ont \u00e9t\u00e9 tr\u00e8s touch\u00e9s<\/li>\n<li>77 \u00e9tablissements sociaux, culturels, sportifs et administratifs.<\/li>\n<\/ul>\n<h3><strong>Emploi<\/strong><\/h3>\n<p><em>\u00ab\u00a0Le retentissement de l&rsquo;explosion sur la vie professionnelle a touch\u00e9 particuli\u00e8rement les habitants de la zone proche (deux fois plus de personne d\u00e9clarant une perte d&#8217;emploi) mais il s&rsquo;est \u00e9tendu \u00e9galement \u00e0 l&rsquo;ensemble des habitants de Toulouse dont le tiers d\u00e9clare avoir \u00e9t\u00e9 touch\u00e9 par une interruption de son activit\u00e9 professionnelle.\u00a0\u00bb<\/em><\/p>\n<ul>\n<li>1 300 entreprises, tous secteurs confondus, repr\u00e9sentant pr\u00e8s de 21 000 emplois, ont \u00e9t\u00e9 touch\u00e9es \u00e0 divers degr\u00e9s<\/li>\n<li>En 2002, la suppression de 960 emplois \u00e9tait recens\u00e9e dans 16 entreprises (y compris AZF, SNPE, Tolochimie) par la DTEF<\/li>\n<li>1 300 salari\u00e9s ont connu des mesures de ch\u00f4mage partiel (dans 133 entreprises)<\/li>\n<li>3 378 d\u00e9clarations d&rsquo;accidents du travail ont \u00e9t\u00e9 recens\u00e9es, entra\u00eenant une perte totale de 40 000 journ\u00e9es de travail<\/li>\n<\/ul>\n<p><em>\u00ab\u00a0Cependant, ce chiffre ne concerne que les suppressions d&#8217;emploi port\u00e9es \u00e0 la connaissance ou recens\u00e9es par les services de la Direction du travail, de l&#8217;emploi et de la formation professionnelle. En effet, l&rsquo;information sur la situation des tr\u00e8s petites entreprises est complexe \u00e0 obtenir: celle-ci est restitu\u00e9e au cas par cas, \u00e0 l&rsquo;occasion de plaintes de salari\u00e9s ou de demandes d&rsquo;aides dont sont saisis l&rsquo;Etat ou les collectivit\u00e9s locales. De m\u00eame, le volume des suppressions d&#8217;emploi induites par le d\u00e9m\u00e9nagement des entreprises pr\u00e9sentes sur la zone sinistr\u00e9e, par le non remplacement des d\u00e9parts ou la non-reconduction des contrats \u00e0 dur\u00e9e limit\u00e9e (CDD et int\u00e9rim) demeure difficile \u00e0 chiffrer.\u00a0\u00bb<\/em><\/p>\n<p align=\"right\"><a href=\"http:\/\/azf-assodessinistres.org\/docs\/Bilan_prefecture_AZF_economie.pdf\">Bilan \u00e9conomique de la Pr\u00e9fecture de Haute Garonne<\/a> (Extrait)<\/p>\n<p>&nbsp;<\/p>\n<div align=\"center\"><img loading=\"lazy\" decoding=\"async\" src=\"http:\/\/azf-assodessinistres.org\/img\/photos\/darty.jpg\" width=\"100\" height=\"70\" \/>\u00a0\u00a0 <img loading=\"lazy\" decoding=\"async\" src=\"http:\/\/azf-assodessinistres.org\/img\/photos\/Speedy2.jpg\" width=\"100\" height=\"70\" \/>\u00a0\u00a0 <img loading=\"lazy\" decoding=\"async\" src=\"http:\/\/azf-assodessinistres.org\/img\/photos\/semvat3.jpg\" width=\"100\" height=\"70\" \/>\u00a0\u00a0 <img loading=\"lazy\" decoding=\"async\" src=\"http:\/\/azf-assodessinistres.org\/img\/photos\/thumbnails\/sinistre031.JPG\" width=\"100\" height=\"70\" \/>\u00a0\u00a0 <img loading=\"lazy\" decoding=\"async\" src=\"http:\/\/azf-assodessinistres.org\/img\/photos\/degats.jpg\" width=\"100\" height=\"70\" \/><\/div>\n<p>&nbsp;<\/p>\n<h3>Autres<\/h3>\n<p>La DRIRE, la SEMVAT, la SNCF, la Poste, le CNRS, le CNFPT, le Parc des Expositions, le Z\u00e9nith, le Stadium, l&rsquo;hippodrome de La C\u00e9pi\u00e8re, le Palais des Sports, la M\u00e9diath\u00e8que, le Rectorat, la DDE, la G\u00e9n\u00e9rale de Eaux, Air France etc&#8230; Quantit\u00e9 d&rsquo;\u00e9tablissements publics et priv\u00e9s ont connus des d\u00e9g\u00e2ts parfois consid\u00e9rables.<\/p>\n<p>&nbsp;<\/p>\n","protected":false},"excerpt":{"rendered":"<p>Les dommages mat\u00e9riels, un impact professionnel et social sur l&rsquo;ensemble de la ville Selon la F\u00e9d\u00e9ration fran\u00e7aise des soci\u00e9t\u00e9s d&rsquo;assurance, 75 000 sinistres ont \u00e9t\u00e9 d\u00e9clar\u00e9s, concernant \u00e0 90% des particuliers. Les dommages des entreprises repr\u00e9sentent pr\u00e9s de 90 % du co\u00fbt des remboursements. Lors de la derni\u00e8re r\u00e9union du Comit\u00e9 de Suivi des Victimes, &hellip; <\/p>\n<p class=\"link-more\"><a href=\"https:\/\/www.azf-assodessinistres.org\/?page_id=125\" class=\"more-link\">Continuer la lecture<span class=\"screen-reader-text\"> de &laquo;&nbsp;Bilan mat\u00e9riel de l&rsquo;explosion&nbsp;&raquo;<\/span><\/a><\/p>\n","protected":false},"author":1,"featured_media":0,"parent":77,"menu_order":2,"comment_status":"closed","ping_status":"closed","template":"","meta":{"footnotes":""},"class_list":["post-125","page","type-page","status-publish","hentry"],"_links":{"self":[{"href":"https:\/\/www.azf-assodessinistres.org\/index.php?rest_route=\/wp\/v2\/pages\/125","targetHints":{"allow":["GET"]}}],"collection":[{"href":"https:\/\/www.azf-assodessinistres.org\/index.php?rest_route=\/wp\/v2\/pages"}],"about":[{"href":"https:\/\/www.azf-assodessinistres.org\/index.php?rest_route=\/wp\/v2\/types\/page"}],"author":[{"embeddable":true,"href":"https:\/\/www.azf-assodessinistres.org\/index.php?rest_route=\/wp\/v2\/users\/1"}],"replies":[{"embeddable":true,"href":"https:\/\/www.azf-assodessinistres.org\/index.php?rest_route=%2Fwp%2Fv2%2Fcomments&post=125"}],"version-history":[{"count":4,"href":"https:\/\/www.azf-assodessinistres.org\/index.php?rest_route=\/wp\/v2\/pages\/125\/revisions"}],"predecessor-version":[{"id":394,"href":"https:\/\/www.azf-assodessinistres.org\/index.php?rest_route=\/wp\/v2\/pages\/125\/revisions\/394"}],"up":[{"embeddable":true,"href":"https:\/\/www.azf-assodessinistres.org\/index.php?rest_route=\/wp\/v2\/pages\/77"}],"wp:attachment":[{"href":"https:\/\/www.azf-assodessinistres.org\/index.php?rest_route=%2Fwp%2Fv2%2Fmedia&parent=125"}],"curies":[{"name":"wp","href":"https:\/\/api.w.org\/{rel}","templated":true}]}}