{"id":120,"date":"2017-06-04T20:11:43","date_gmt":"2017-06-04T18:11:43","guid":{"rendered":"http:\/\/www.azf-assodessinistres.org\/site\/?page_id=120"},"modified":"2017-06-26T12:29:48","modified_gmt":"2017-06-26T10:29:48","slug":"bilan-sanitaire-de-lexplosion","status":"publish","type":"page","link":"https:\/\/www.azf-assodessinistres.org\/?page_id=120","title":{"rendered":"Bilan sanitaire de l&rsquo;explosion"},"content":{"rendered":"<h2 style=\"text-align: left;\"><strong>Bilan sanitaire de l&rsquo;explosion<\/strong><\/h2>\n<p>Le bilan initial de la catastrophe, donn\u00e9 par la Pr\u00e9fecture de Toulouse, faisait \u00e9tat de :<\/p>\n<ul>\n<li>31 morts (dont 21 ouvriers de l&rsquo;usine AZF)<\/li>\n<li>2 200 bless\u00e9s<\/li>\n<\/ul>\n<p>Or, depuis 2001 de nombreuses personnes ont fait valoir leur Droit :<\/p>\n<ul>\n<li>d&rsquo;autres d\u00e9c\u00e8s ont \u00e9t\u00e9 reconnus imputables \u00e0 l&rsquo;explosion (mais personne n&rsquo;a obtenu de \u00a0\u00bb chiffre officiel \u00ab\u00a0)<\/li>\n<li>19 000 dossiers relatifs aux pr\u00e9judices corporels ont \u00e9t\u00e9 ouverts aupr\u00e8s de l&rsquo;assureur de TOTAL, AON.<\/li>\n<\/ul>\n<p>La Caisse Primaire d&rsquo;Assurance Maladie a comptabilis\u00e9 :<\/p>\n<ul>\n<li>11 436 dossiers relatifs \u00e0 l&rsquo;explosion de l&rsquo;usine Grande Paroisse<\/li>\n<li>Dont 7 657 dossiers en risque maladie<\/li>\n<\/ul>\n<p>Le montant de l&rsquo;indemnisation du pr\u00e9judice corporel, vers\u00e9e par AON aux victimes de l&rsquo;explosion AZF, est de 300 millions d&rsquo;euros.<\/p>\n<hr \/>\n<h2>Les cons\u00e9quences sanitaires de l&rsquo;explosion<\/h2>\n<p>Plusieurs enqu\u00eates ont \u00e9t\u00e9 men\u00e9es par l&rsquo;INVS (Institut National de Veille Sanitaire) afin d&rsquo;\u00e9valuer \u00e0 moyen et long terme les cons\u00e9quences de cette catastrophe industrielle sur la sant\u00e9 physique et mentale des Toulousains.<\/p>\n<p>Les diff\u00e9rentes enqu\u00eates mettent en avant l&rsquo;importance du retentissement de l&rsquo;explosion sur la sant\u00e9 :<\/p>\n<ul>\n<li>1 personne sur 4 se trouvant \u00e0 moins de 1700 m au moment de l&rsquo;explosion d\u00e9clare avoir \u00e9t\u00e9 bless\u00e9e<\/li>\n<li>1 personne sur 3 a eu recours \u00e0 un m\u00e9decin g\u00e9n\u00e9raliste le mois suivant<\/li>\n<li>1 personne sur 10 s&rsquo;est rendue aux urgences<\/li>\n<li>1 r\u00e9sident de la zone proche sur 10 a d\u00e9clar\u00e9 une s\u00e9quelle (1 sur 100 en zone \u00e9loign\u00e9e)<\/li>\n<\/ul>\n<p><em>\u00ab\u00a0Parmi les personnes ayant d\u00e9clar\u00e9 des s\u00e9quelles physiques, seulement environ une sur dix a demand\u00e9 une reconnaissance officielle ce qui souligne le d\u00e9calage entre le terme \u00ab\u00a0s\u00e9quelles\u00a0\u00bb utilis\u00e9 dans le questionnaire qui \u00e9tait \u00e0 l&rsquo;appr\u00e9ciation de la personne interrog\u00e9e et le terme utilis\u00e9 en mati\u00e8re d&rsquo;indemnisation. Les s\u00e9quelles ressenties par les personnes ne correspondaient peut \u00eatre pas aux crit\u00e8res de demande de reconnaissance ou bien une grande part des personnes avec des s\u00e9quelles ont renonc\u00e9 \u00e0 faire une demande de reconnaissance.\u00a0\u00bb<\/em><\/p>\n<p><strong>Des cons\u00e9quences auditives majeures<\/strong> :<\/p>\n<ul>\n<li>les atteintes auditives repr\u00e9sentent la deuxi\u00e8me cause de s\u00e9quelles indemnis\u00e9es par l&rsquo;Assurance Maladie (41.4 % des s\u00e9quelles au 31\/10\/2005)<\/li>\n<li>1 personne sur 5 se retrouvant \u00e0 moins de 1700 m au moment de l&rsquo;explosion d\u00e9clare des s\u00e9quelles auditives.<\/li>\n<\/ul>\n<p><strong>Un impact sur la sant\u00e9 mentale tr\u00e8s prononc\u00e9<\/strong> :<\/p>\n<ul>\n<li>les s\u00e9quelles psychiatriques repr\u00e9sentent la premi\u00e8re cause de s\u00e9quelles indemnis\u00e9es par l&rsquo;Assurance Maladie (49.5 % des s\u00e9quelles au 31\/10\/2005)<\/li>\n<li>les r\u00e9actions imm\u00e9diates telles qu&rsquo;une peur, une panique, une horreur ont concern\u00e9 la moiti\u00e9 des personnes de la zone proche et 1\/3 de la zone \u00e9loign\u00e9e<\/li>\n<li>Cette souffrance s&rsquo;est exprim\u00e9e sous diverses formes, sympt\u00f4mes apparent\u00e9s au stress post traumatique ou sympt\u00f4mes d\u00e9pressifs, mais aussi, troubles du comportement et consommation d\u00e9clar\u00e9e de psychotropes<\/li>\n<li>1 enfant sur 2 en zone proche (1 sur 4 en zone \u00e9loign\u00e9e) pr\u00e9sentait deux modifications de comportement telles que peur, probl\u00e8mes d&rsquo;endormissement, cauchemars, angoisse, r\u00e9gression, somatisation, r\u00e9sultats scolaires modifi\u00e9s.<\/li>\n<\/ul>\n<p><em><span style=\"font-family: Thread-00001770-Id-00000350;\">\u00a0<\/span><\/em><\/p>\n","protected":false},"excerpt":{"rendered":"<p>Bilan sanitaire de l&rsquo;explosion Le bilan initial de la catastrophe, donn\u00e9 par la Pr\u00e9fecture de Toulouse, faisait \u00e9tat de : 31 morts (dont 21 ouvriers de l&rsquo;usine AZF) 2 200 bless\u00e9s Or, depuis 2001 de nombreuses personnes ont fait valoir leur Droit : d&rsquo;autres d\u00e9c\u00e8s ont \u00e9t\u00e9 reconnus imputables \u00e0 l&rsquo;explosion (mais personne n&rsquo;a obtenu &hellip; <\/p>\n<p class=\"link-more\"><a href=\"https:\/\/www.azf-assodessinistres.org\/?page_id=120\" class=\"more-link\">Continuer la lecture<span class=\"screen-reader-text\"> de &laquo;&nbsp;Bilan sanitaire de l&rsquo;explosion&nbsp;&raquo;<\/span><\/a><\/p>\n","protected":false},"author":1,"featured_media":0,"parent":77,"menu_order":1,"comment_status":"closed","ping_status":"closed","template":"","meta":{"footnotes":""},"class_list":["post-120","page","type-page","status-publish","hentry"],"_links":{"self":[{"href":"https:\/\/www.azf-assodessinistres.org\/index.php?rest_route=\/wp\/v2\/pages\/120","targetHints":{"allow":["GET"]}}],"collection":[{"href":"https:\/\/www.azf-assodessinistres.org\/index.php?rest_route=\/wp\/v2\/pages"}],"about":[{"href":"https:\/\/www.azf-assodessinistres.org\/index.php?rest_route=\/wp\/v2\/types\/page"}],"author":[{"embeddable":true,"href":"https:\/\/www.azf-assodessinistres.org\/index.php?rest_route=\/wp\/v2\/users\/1"}],"replies":[{"embeddable":true,"href":"https:\/\/www.azf-assodessinistres.org\/index.php?rest_route=%2Fwp%2Fv2%2Fcomments&post=120"}],"version-history":[{"count":6,"href":"https:\/\/www.azf-assodessinistres.org\/index.php?rest_route=\/wp\/v2\/pages\/120\/revisions"}],"predecessor-version":[{"id":393,"href":"https:\/\/www.azf-assodessinistres.org\/index.php?rest_route=\/wp\/v2\/pages\/120\/revisions\/393"}],"up":[{"embeddable":true,"href":"https:\/\/www.azf-assodessinistres.org\/index.php?rest_route=\/wp\/v2\/pages\/77"}],"wp:attachment":[{"href":"https:\/\/www.azf-assodessinistres.org\/index.php?rest_route=%2Fwp%2Fv2%2Fmedia&parent=120"}],"curies":[{"name":"wp","href":"https:\/\/api.w.org\/{rel}","templated":true}]}}