{"id":115,"date":"2017-06-04T20:07:59","date_gmt":"2017-06-04T18:07:59","guid":{"rendered":"http:\/\/www.azf-assodessinistres.org\/site\/?page_id=115"},"modified":"2017-11-02T20:33:05","modified_gmt":"2017-11-02T19:33:05","slug":"les-protheses-auditives","status":"publish","type":"page","link":"https:\/\/www.azf-assodessinistres.org\/?page_id=115","title":{"rendered":"Les proth\u00e8ses auditives"},"content":{"rendered":"<h2><strong>Les proth\u00e8ses auditives<\/strong><\/h2>\n<p><strong>1\u00e8re conf\u00e9rence de presse<\/strong> :<\/p>\n<h2 style=\"text-align: center;\">La lutte victorieuse des proth\u00e8ses auditives<\/h2>\n<figure style=\"width: 500px\" class=\"wp-caption aligncenter\"><img loading=\"lazy\" decoding=\"async\" title=\"Proth\u00e8ses auditives - Victimes AZF Toulouse\" src=\"http:\/\/www.azf-assodessinistres.org\/docs\/protheses-auditives-azf-toulouse-2014.jpg\" alt=\"Proth\u00e8ses auditives - Victimes AZF Toulouse\" width=\"500\" height=\"272\" \/><figcaption class=\"wp-caption-text\">Notre premi\u00e8re conf\u00e9rence de presse, en avril 2014, nous \u00e9tions 6 personnes \u00e0 revendiquer le non remboursement de nos appareils auditifs.<\/figcaption><\/figure>\n<p>&nbsp;<\/p>\n<p>Nous devons\u00a0parler des proth\u00e8ses auditives, et des transformations que cette lutte a produite dans notre association.<\/p>\n<p>En janvier 2014 Jean-Fran\u00e7ois Grelier est contact\u00e9 s\u00e9par\u00e9ment par deux sinistr\u00e9s AZF, Rodolphe Baillou et Pauline Miranda. Ils l\u2019informent d\u2019un blocage dans le remboursement des proth\u00e8ses auditives. Une trentaine de dossiers sont bloqu\u00e9s au remboursement par le courtier de Total, le cabinet Diot. Il est impossible de le contacter, et il adopte une attitude syst\u00e9matiquement dilatoire. Monsieur Timbart,\u00a0 le Directeur d\u00e9l\u00e9gu\u00e9 de Total renvoie la faute \u00e0 la CPAM en des termes que la morale r\u00e9prouve.<\/p>\n<p>Pauline Miranda et Jean-Fran\u00e7ois Grelier\u00a0d\u00e9cident alors de rechercher les sinistr\u00e9s qui sont dans le m\u00eame cas. En faisant le tour des audioproth\u00e9sistes nous r\u00e9ussissons \u00e0 en trouver quatre de plus. Les proc\u00e9dures classiques ayant \u00e9chou\u00e9es, nous d\u00e9cidons alors de jeter un pav\u00e9 dans la marre, et convoquons \u00e0 une conf\u00e9rence de presse le 1er avril 2014.<\/p>\n<p>Cette conf\u00e9rence de presse a eu un retentissement national et a enclench\u00e9 un processus de r\u00e9gularisation. D\u2019abord parce que le groupe Total n\u2019a pas aim\u00e9 du tout cette contre-publicit\u00e9, et ensuite parce que les sinistr\u00e9s concern\u00e9s l\u2019ont appris et nous ont contact\u00e9.<\/p>\n<hr \/>\n<p><strong>2\u00e8me conf\u00e9rence de presse<\/strong> :<\/p>\n<p>&nbsp;<\/p>\n<figure id=\"attachment_116\" aria-describedby=\"caption-attachment-116\" style=\"width: 257px\" class=\"wp-caption aligncenter\"><img loading=\"lazy\" decoding=\"async\" class=\"wp-image-116\" src=\"http:\/\/www.azf-assodessinistres.org\/site\/wp-content\/uploads\/2017\/06\/10653715_325071724329467_8776585623081433312_n-225x300.jpg\" alt=\"\" width=\"257\" height=\"343\" srcset=\"https:\/\/www.azf-assodessinistres.org\/wp-content\/uploads\/2017\/06\/10653715_325071724329467_8776585623081433312_n-225x300.jpg 225w, https:\/\/www.azf-assodessinistres.org\/wp-content\/uploads\/2017\/06\/10653715_325071724329467_8776585623081433312_n.jpg 296w\" sizes=\"auto, (max-width: 257px) 100vw, 257px\" \/><figcaption id=\"caption-attachment-116\" class=\"wp-caption-text\">2\u00e8me conf\u00e9rence de presse pour exprimer notre col\u00e8re<\/figcaption><\/figure>\n<p>&nbsp;<\/p>\n<p>le 2 juin 2014, lors de notre 2\u00e8me conf\u00e9rence de presse, \u00a0nous \u00e9tions 21 \u00e0 se rassembler au\u00a0restaurant le \u00a0\u00bb\u00a0Bijou\u00a0\u00bb\u00a0 pour exprimer notre col\u00e8re pour le traitement et le r\u00e8glement des dossiers de victimes.<\/p>\n<p>Ce qui a d\u00e9coul\u00e9 de cette conf\u00e9rence de presse,\u00a0 c&rsquo;est le 1er juillet 2014,\u00a0\u00a0nous avons obtenu\u00a0une r\u00e9union tripartite\u00a0entre la CPAM\u00a0\u00a0et le groupe Total et les sinistr\u00e9s du 21 septembre 2001. \u00a0Et c\u2019est l\u00e0 que le groupe Total a accept\u00e9 toutes nos revendications\u00a0:<\/p>\n<p>C\u2019est \u00e0 Toulouse que les dossiers seront g\u00e9r\u00e9s par le cabinet Monferran.<\/p>\n<p>Rappelons qu&rsquo;au d\u00e9but Monsieur Timbard, le Directeur de Total \u00e9crivait dans la presse que\u00a0nous faisions\u00a0beaucoup de tapage pour 3 ou 4 dossiers en souffrance&#8230;..<\/p>\n<p>En mai 2017, nous sommes 110 adh\u00e9rents et de nouveaux dossiers nous arrivent chaque jour !<\/p>\n<p><img loading=\"lazy\" decoding=\"async\" class=\"size-medium wp-image-452 aligncenter\" src=\"http:\/\/www.azf-assodessinistres.org\/site\/wp-content\/uploads\/2017\/06\/10696206_329634770539829_7886134514558604051_n-225x300.jpg\" alt=\"\" width=\"225\" height=\"300\" srcset=\"https:\/\/www.azf-assodessinistres.org\/wp-content\/uploads\/2017\/06\/10696206_329634770539829_7886134514558604051_n-225x300.jpg 225w, https:\/\/www.azf-assodessinistres.org\/wp-content\/uploads\/2017\/06\/10696206_329634770539829_7886134514558604051_n.jpg 720w\" sizes=\"auto, (max-width: 225px) 100vw, 225px\" \/><\/p>\n<p>&nbsp;<\/p>\n<p style=\"text-align: center;\"><strong>Tous ensemble continuons !<\/strong><\/p>\n","protected":false},"excerpt":{"rendered":"<p>Les proth\u00e8ses auditives 1\u00e8re conf\u00e9rence de presse : La lutte victorieuse des proth\u00e8ses auditives &nbsp; Nous devons\u00a0parler des proth\u00e8ses auditives, et des transformations que cette lutte a produite dans notre association. En janvier 2014 Jean-Fran\u00e7ois Grelier est contact\u00e9 s\u00e9par\u00e9ment par deux sinistr\u00e9s AZF, Rodolphe Baillou et Pauline Miranda. Ils l\u2019informent d\u2019un blocage dans le remboursement &hellip; <\/p>\n<p class=\"link-more\"><a href=\"https:\/\/www.azf-assodessinistres.org\/?page_id=115\" class=\"more-link\">Continuer la lecture<span class=\"screen-reader-text\"> de &laquo;&nbsp;Les proth\u00e8ses auditives&nbsp;&raquo;<\/span><\/a><\/p>\n","protected":false},"author":1,"featured_media":0,"parent":0,"menu_order":7,"comment_status":"closed","ping_status":"closed","template":"","meta":{"footnotes":""},"class_list":["post-115","page","type-page","status-publish","hentry"],"_links":{"self":[{"href":"https:\/\/www.azf-assodessinistres.org\/index.php?rest_route=\/wp\/v2\/pages\/115","targetHints":{"allow":["GET"]}}],"collection":[{"href":"https:\/\/www.azf-assodessinistres.org\/index.php?rest_route=\/wp\/v2\/pages"}],"about":[{"href":"https:\/\/www.azf-assodessinistres.org\/index.php?rest_route=\/wp\/v2\/types\/page"}],"author":[{"embeddable":true,"href":"https:\/\/www.azf-assodessinistres.org\/index.php?rest_route=\/wp\/v2\/users\/1"}],"replies":[{"embeddable":true,"href":"https:\/\/www.azf-assodessinistres.org\/index.php?rest_route=%2Fwp%2Fv2%2Fcomments&post=115"}],"version-history":[{"count":17,"href":"https:\/\/www.azf-assodessinistres.org\/index.php?rest_route=\/wp\/v2\/pages\/115\/revisions"}],"predecessor-version":[{"id":610,"href":"https:\/\/www.azf-assodessinistres.org\/index.php?rest_route=\/wp\/v2\/pages\/115\/revisions\/610"}],"wp:attachment":[{"href":"https:\/\/www.azf-assodessinistres.org\/index.php?rest_route=%2Fwp%2Fv2%2Fmedia&parent=115"}],"curies":[{"name":"wp","href":"https:\/\/api.w.org\/{rel}","templated":true}]}}