{"id":110,"date":"2017-06-04T19:53:54","date_gmt":"2017-06-04T17:53:54","guid":{"rendered":"http:\/\/www.azf-assodessinistres.org\/site\/?page_id=110"},"modified":"2017-06-15T15:51:01","modified_gmt":"2017-06-15T13:51:01","slug":"une-structure-associative","status":"publish","type":"page","link":"https:\/\/www.azf-assodessinistres.org\/?page_id=110","title":{"rendered":"Une structure associative"},"content":{"rendered":"<h2 style=\"text-align: left;\"><strong>Une structure associative<\/strong><\/h2>\n<p>L&rsquo;association des sinistr\u00e9s du 21 septembre 2001 est une association de Loi 1901. Lors de sa d\u00e9claration en Pr\u00e9fecture le 25 septembre 2001, l&rsquo;objet de l&rsquo;association s&rsquo;\u00e9nonc\u00e9 comme suit :<\/p>\n<p><center><strong><em>\u00ab\u00a0D\u00e9fense des int\u00e9r\u00eats des victimes de l&rsquo;explosion<br \/>\ndu 21 septembre 2001 \u00e0 Toulouse et des suites\u00a0\u00bb<\/em><\/strong><\/center><center><\/center><center><\/center><center><\/center>L&rsquo;association entend \u00eatre vigilante pour que les sinistr\u00e9s soient respect\u00e9s, aid\u00e9s, entendus, inform\u00e9s et finissent par savoir \u00e0 qui incombent les responsabilit\u00e9s de la catastrophe.<\/p>\n<p>L&rsquo;organisation de l&rsquo;association repose sur un Conseil d&rsquo;Administration, compos\u00e9 de membres b\u00e9n\u00e9voles :<\/p>\n<ul>\n<li>Il d\u00e9finit les orientations\u00a0 et strat\u00e9gies<\/li>\n<li>Il met en \u0153uvre les d\u00e9cisions du CA et supervise la gestion administrative et financi\u00e8re de l&rsquo;association<\/li>\n<\/ul>\n<p>L&rsquo;Association a pu maintenir une ind\u00e9pendance financi\u00e8re gr\u00e2ce :<\/p>\n<ul>\n<li>Au soutien de ses adh\u00e9rents<\/li>\n<li>Aux dons re\u00e7us<\/li>\n<\/ul>\n<p>L&rsquo;Assembl\u00e9e G\u00e9n\u00e9rale Annuelle de l&rsquo;association r\u00e9unit tous ses adh\u00e9rents une fois par an, et est l&rsquo;organe de d\u00e9cision.<br \/>\nL&rsquo;AG \u00e9lit pour un an les membres du Conseil d&rsquo;Administration.<br \/>\nLe CA \u00e9lit en son sein, le Pr\u00e9sident et le Bureau de l&rsquo;association (Pr\u00e9sident, tr\u00e9sorier, Secr\u00e9taire).<\/p>\n<p>Elle vote le rapport moral et financier de l&rsquo;association.<\/p>\n<hr \/>\n<h1 style=\"text-align: center;\"><strong>Etre adh\u00e9rent<\/strong><\/h1>\n<p style=\"text-align: left;\"><strong>Qu&rsquo;est-ce qu&rsquo;un adh\u00e9rent ?<\/strong><br \/>\nL&rsquo;adh\u00e9sion est une forme d&rsquo;engagement. En parfait accord avec les principes et le fonctionnement de l&rsquo;association (statuts), l&rsquo;adh\u00e9rent souhaite prendre part \u00e0 la vie de l&rsquo;association et participer \u00e0 ses d\u00e9cisions. Les adh\u00e9rents votent \u00e0 l&rsquo;assembl\u00e9e g\u00e9n\u00e9rale et peuvent se porter candidat au Conseil d&rsquo;Administration.<\/p>\n<p><strong>Comment devenir adh\u00e9rent ?<\/strong><br \/>\nFiche d&rsquo;adh\u00e9sion \u00e0 t\u00e9l\u00e9charger et renvoyer avec votre cotisation \u00e0 :<\/p>\n<p style=\"text-align: center;\"><strong>\u00a0Association des sinistr\u00e9s du 21 septembre 2001<br \/>\n275, route de Seysses &#8211; B\u00e2t A15 &#8211; Appart 323 &#8211;\u00a031100\u00a0 TOULOUSE<\/strong><\/p>\n<p style=\"text-align: center;\">Le montant de l&rsquo;adh\u00e9sion (minimum 15 \u20ac) pour un an<\/p>\n<p style=\"text-align: center;\"><a href=\"http:\/\/www.azf-assodessinistres.org\/site\/wp-content\/uploads\/2017\/05\/bulletin-dadh\u00e9sion-association.docx\">bulletin d&rsquo;adh\u00e9sion association<\/a><\/p>\n<p>&nbsp;<\/p>\n","protected":false},"excerpt":{"rendered":"<p>Une structure associative L&rsquo;association des sinistr\u00e9s du 21 septembre 2001 est une association de Loi 1901. Lors de sa d\u00e9claration en Pr\u00e9fecture le 25 septembre 2001, l&rsquo;objet de l&rsquo;association s&rsquo;\u00e9nonc\u00e9 comme suit : \u00ab\u00a0D\u00e9fense des int\u00e9r\u00eats des victimes de l&rsquo;explosion du 21 septembre 2001 \u00e0 Toulouse et des suites\u00a0\u00bbL&rsquo;association entend \u00eatre vigilante pour que les &hellip; <\/p>\n<p class=\"link-more\"><a href=\"https:\/\/www.azf-assodessinistres.org\/?page_id=110\" class=\"more-link\">Continuer la lecture<span class=\"screen-reader-text\"> de &laquo;&nbsp;Une structure associative&nbsp;&raquo;<\/span><\/a><\/p>\n","protected":false},"author":1,"featured_media":0,"parent":0,"menu_order":5,"comment_status":"closed","ping_status":"closed","template":"","meta":{"footnotes":""},"class_list":["post-110","page","type-page","status-publish","hentry"],"_links":{"self":[{"href":"https:\/\/www.azf-assodessinistres.org\/index.php?rest_route=\/wp\/v2\/pages\/110","targetHints":{"allow":["GET"]}}],"collection":[{"href":"https:\/\/www.azf-assodessinistres.org\/index.php?rest_route=\/wp\/v2\/pages"}],"about":[{"href":"https:\/\/www.azf-assodessinistres.org\/index.php?rest_route=\/wp\/v2\/types\/page"}],"author":[{"embeddable":true,"href":"https:\/\/www.azf-assodessinistres.org\/index.php?rest_route=\/wp\/v2\/users\/1"}],"replies":[{"embeddable":true,"href":"https:\/\/www.azf-assodessinistres.org\/index.php?rest_route=%2Fwp%2Fv2%2Fcomments&post=110"}],"version-history":[{"count":8,"href":"https:\/\/www.azf-assodessinistres.org\/index.php?rest_route=\/wp\/v2\/pages\/110\/revisions"}],"predecessor-version":[{"id":391,"href":"https:\/\/www.azf-assodessinistres.org\/index.php?rest_route=\/wp\/v2\/pages\/110\/revisions\/391"}],"wp:attachment":[{"href":"https:\/\/www.azf-assodessinistres.org\/index.php?rest_route=%2Fwp%2Fv2%2Fmedia&parent=110"}],"curies":[{"name":"wp","href":"https:\/\/api.w.org\/{rel}","templated":true}]}}