{"id":105,"date":"2017-06-04T19:31:09","date_gmt":"2017-06-04T17:31:09","guid":{"rendered":"http:\/\/www.azf-assodessinistres.org\/site\/?page_id=105"},"modified":"2017-06-15T15:50:36","modified_gmt":"2017-06-15T13:50:36","slug":"un-interlocuteur-majeur","status":"publish","type":"page","link":"https:\/\/www.azf-assodessinistres.org\/?page_id=105","title":{"rendered":"Un interlocuteur majeur"},"content":{"rendered":"<h2><strong>L&rsquo;association devient un interlocuteur majeur<\/strong><\/h2>\n<p>17 octobre 2001: l&rsquo;association repr\u00e9sente les sinistr\u00e9s en si\u00e9geant au Comit\u00e9 National de Suivi des Victimes, instance mise en place sous l&rsquo;\u00e9gide du Minist\u00e8re de la Justice, charg\u00e9e de l&rsquo;indemnisation des pr\u00e9judices subis suite \u00e0 l&rsquo;explosion AZF. Elle y assure une repr\u00e9sentation combative jusqu&rsquo;en 2008.<\/p>\n<p>Dans la m\u00eame p\u00e9riode, collectif et associations se r\u00e9unissent presque quotidiennement avec le sous-pr\u00e9fet \u00e0 la ville, Sylvain Mathieu. Lors de ces rencontres souvent \u00ab\u00a0anim\u00e9es\u00a0\u00bb, l&rsquo;association exprime les revendications et les probl\u00e9matiques rencontr\u00e9es par les personnes sinistr\u00e9es.<\/p>\n<p>La r\u00e9quisition des logements vacants est envisag\u00e9e mais, appliqu\u00e9e, elle s\u2019av\u00e8re d\u00e9risoire face \u00e0 l\u2019ampleur des besoins et aux lacunes du dispositif administratif et l\u00e9gislatif existant. Le Pr\u00e9fet Fournier invente alors le concept de \u00ab\u00a0provisoire durable\u00a0\u00bb du contreplaqu\u00e9 et du plexiglas.<\/p>\n<p>Face au surco\u00fbt de la consommation \u00e9nerg\u00e9tique, l&rsquo;association exige et obtient que soient appliqu\u00e9es sans aucune majoration les factures de l&rsquo;ann\u00e9e pr\u00e9c\u00e9dente.<br \/>\nPr\u00e9sente au sein du Comit\u00e9 de suivi \u00e9pid\u00e9miologique, l&rsquo;association alerte les autorit\u00e9s notamment sur le risque de sous-estimer la dimension psychologique du traumatisme v\u00e9cu par les victimes de l&rsquo;explosion. Elle ne cessera de porter cette parole, estimant que les autorit\u00e9s comp\u00e9tentes n\u00e9gligent un suivi appropri\u00e9 et continu des populations sinistr\u00e9es. C&rsquo;est ainsi que l&rsquo;action de l&rsquo;association aupr\u00e8s de la DRASS a permis en 2003 la mise en place d&rsquo;un d\u00e9pistage auditif gratuit dans les quartiers sensibles.<br \/>\nRepr\u00e9sentant ses adh\u00e9rents dans le dossier p\u00e9nal, elle ne cesse de r\u00e9affirmer sa volont\u00e9 de voir la responsabilit\u00e9 de l&rsquo;industriel prise en compte sans restriction, sur la base des \u00e9l\u00e9ments contenus dans le dossier d&rsquo;instruction.<\/p>\n<div align=\"right\">\n<table class=\"presse_table\" style=\"height: 5px;\" width=\"5\">\n<tbody>\n<tr>\n<td class=\"presse_cat\" align=\"left\"><\/td>\n<\/tr>\n<tr>\n<td style=\"font-family: 'arial';\" align=\"left\"><\/td>\n<\/tr>\n<\/tbody>\n<\/table>\n<\/div>\n","protected":false},"excerpt":{"rendered":"<p>L&rsquo;association devient un interlocuteur majeur 17 octobre 2001: l&rsquo;association repr\u00e9sente les sinistr\u00e9s en si\u00e9geant au Comit\u00e9 National de Suivi des Victimes, instance mise en place sous l&rsquo;\u00e9gide du Minist\u00e8re de la Justice, charg\u00e9e de l&rsquo;indemnisation des pr\u00e9judices subis suite \u00e0 l&rsquo;explosion AZF. Elle y assure une repr\u00e9sentation combative jusqu&rsquo;en 2008. Dans la m\u00eame p\u00e9riode, collectif &hellip; <\/p>\n<p class=\"link-more\"><a href=\"https:\/\/www.azf-assodessinistres.org\/?page_id=105\" class=\"more-link\">Continuer la lecture<span class=\"screen-reader-text\"> de &laquo;&nbsp;Un interlocuteur majeur&nbsp;&raquo;<\/span><\/a><\/p>\n","protected":false},"author":1,"featured_media":0,"parent":0,"menu_order":4,"comment_status":"closed","ping_status":"closed","template":"","meta":{"footnotes":""},"class_list":["post-105","page","type-page","status-publish","hentry"],"_links":{"self":[{"href":"https:\/\/www.azf-assodessinistres.org\/index.php?rest_route=\/wp\/v2\/pages\/105","targetHints":{"allow":["GET"]}}],"collection":[{"href":"https:\/\/www.azf-assodessinistres.org\/index.php?rest_route=\/wp\/v2\/pages"}],"about":[{"href":"https:\/\/www.azf-assodessinistres.org\/index.php?rest_route=\/wp\/v2\/types\/page"}],"author":[{"embeddable":true,"href":"https:\/\/www.azf-assodessinistres.org\/index.php?rest_route=\/wp\/v2\/users\/1"}],"replies":[{"embeddable":true,"href":"https:\/\/www.azf-assodessinistres.org\/index.php?rest_route=%2Fwp%2Fv2%2Fcomments&post=105"}],"version-history":[{"count":7,"href":"https:\/\/www.azf-assodessinistres.org\/index.php?rest_route=\/wp\/v2\/pages\/105\/revisions"}],"predecessor-version":[{"id":390,"href":"https:\/\/www.azf-assodessinistres.org\/index.php?rest_route=\/wp\/v2\/pages\/105\/revisions\/390"}],"wp:attachment":[{"href":"https:\/\/www.azf-assodessinistres.org\/index.php?rest_route=%2Fwp%2Fv2%2Fmedia&parent=105"}],"curies":[{"name":"wp","href":"https:\/\/api.w.org\/{rel}","templated":true}]}}