{"id":103,"date":"2017-06-04T19:27:05","date_gmt":"2017-06-04T17:27:05","guid":{"rendered":"http:\/\/www.azf-assodessinistres.org\/site\/?page_id=103"},"modified":"2017-10-04T12:45:00","modified_gmt":"2017-10-04T10:45:00","slug":"notre-action-aupres-des-sinistres","status":"publish","type":"page","link":"https:\/\/www.azf-assodessinistres.org\/?page_id=103","title":{"rendered":"Notre action aupr\u00e8s des sinistr\u00e9s"},"content":{"rendered":"<h2><strong>Notre action aupr\u00e8s des sinistr\u00e9s<\/strong><\/h2>\n<p>Lors de la r\u00e9union du Comit\u00e9 National de Suivi des Victimes du 17 octobre 2001, le pr\u00e9sident de l&rsquo;Association des sinistr\u00e9s\u00a0 expose l&rsquo;objectif de l&rsquo;association :<\/p>\n<p align=\"center\"><strong><em>\u00a0\u00bb D\u00e9passer le stade de la col\u00e8re en vue d&rsquo;une prise en compte<br \/>\nefficace de chaque personne sinistr\u00e9e. \u00ab\u00a0<\/em><\/strong><\/p>\n<p>Face au nombre croissant de victimes sollicitant de l&rsquo;aide, l&rsquo;association ouvre une permanence quotidienne. Elle accueille, avec b\u00e9n\u00e9voles et militants de l\u2019association, les personnes, les oriente.<\/p>\n<p>En janvier 2003, l&rsquo;association poursuit sa mission d&rsquo;accompagnement des personnes sinistr\u00e9es. L&rsquo;affaire des dons de la Mairie lui donne l&rsquo;occasion d&rsquo;\u00e9toffer son dispositif. La mairie, estimant r\u00e9gl\u00e9e la question des sinistr\u00e9s, entend r\u00e9injecter dans son budget municipal 3,8 millions d&rsquo;euros de \u00ab\u00a0reliquat\u00a0\u00bb provenant de la solidarit\u00e9. L&rsquo;association monte au cr\u00e9neau avec un \u00e9lu Vert de la Mairie, Pierre Labeyrie, et obtient, avec les sept autres associations, l&rsquo;annulation de la d\u00e9lib\u00e9ration municipale.<\/p>\n<p>Elle sollicite La Fondation de France pour qu&rsquo;elle accepte d&rsquo;accueillir et de r\u00e9partir ces fonds en organisant un dispositif avec les associations locales (1\/3 des fonds sera consacrer aux particuliers, 1\/3 \u00e0 la mise en place d&rsquo;un dispositif de suivi des sinistr\u00e9s, 1\/3 \u00e0 des projets de la zone sinistr\u00e9e). La Fondation de France renouvelle sa confiance \u00e0 l&rsquo;association: en 2004, un partenariat est conclu, deux conventions sont sign\u00e9es.\u00a0 Le dispositif d&rsquo;accompagnement des sinistr\u00e9s propose un renforcement de la structure d&rsquo;accueil et la mise \u00e0 disposition d&rsquo;un fonds d&rsquo;intervention pour prendre en charge les honoraires des recours et expertises (juridique, immobili\u00e8re), afin de faire valoir les droits des sinistr\u00e9s.<\/p>\n<p>&nbsp;<\/p>\n","protected":false},"excerpt":{"rendered":"<p>Notre action aupr\u00e8s des sinistr\u00e9s Lors de la r\u00e9union du Comit\u00e9 National de Suivi des Victimes du 17 octobre 2001, le pr\u00e9sident de l&rsquo;Association des sinistr\u00e9s\u00a0 expose l&rsquo;objectif de l&rsquo;association : \u00a0\u00bb D\u00e9passer le stade de la col\u00e8re en vue d&rsquo;une prise en compte efficace de chaque personne sinistr\u00e9e. \u00ab\u00a0 Face au nombre croissant de &hellip; <\/p>\n<p class=\"link-more\"><a href=\"https:\/\/www.azf-assodessinistres.org\/?page_id=103\" class=\"more-link\">Continuer la lecture<span class=\"screen-reader-text\"> de &laquo;&nbsp;Notre action aupr\u00e8s des sinistr\u00e9s&nbsp;&raquo;<\/span><\/a><\/p>\n","protected":false},"author":1,"featured_media":0,"parent":0,"menu_order":3,"comment_status":"closed","ping_status":"closed","template":"","meta":{"footnotes":""},"class_list":["post-103","page","type-page","status-publish","hentry"],"_links":{"self":[{"href":"https:\/\/www.azf-assodessinistres.org\/index.php?rest_route=\/wp\/v2\/pages\/103","targetHints":{"allow":["GET"]}}],"collection":[{"href":"https:\/\/www.azf-assodessinistres.org\/index.php?rest_route=\/wp\/v2\/pages"}],"about":[{"href":"https:\/\/www.azf-assodessinistres.org\/index.php?rest_route=\/wp\/v2\/types\/page"}],"author":[{"embeddable":true,"href":"https:\/\/www.azf-assodessinistres.org\/index.php?rest_route=\/wp\/v2\/users\/1"}],"replies":[{"embeddable":true,"href":"https:\/\/www.azf-assodessinistres.org\/index.php?rest_route=%2Fwp%2Fv2%2Fcomments&post=103"}],"version-history":[{"count":6,"href":"https:\/\/www.azf-assodessinistres.org\/index.php?rest_route=\/wp\/v2\/pages\/103\/revisions"}],"predecessor-version":[{"id":562,"href":"https:\/\/www.azf-assodessinistres.org\/index.php?rest_route=\/wp\/v2\/pages\/103\/revisions\/562"}],"wp:attachment":[{"href":"https:\/\/www.azf-assodessinistres.org\/index.php?rest_route=%2Fwp%2Fv2%2Fmedia&parent=103"}],"curies":[{"name":"wp","href":"https:\/\/api.w.org\/{rel}","templated":true}]}}