{"id":100,"date":"2017-06-04T19:24:29","date_gmt":"2017-06-04T17:24:29","guid":{"rendered":"http:\/\/www.azf-assodessinistres.org\/site\/?page_id=100"},"modified":"2017-10-04T12:23:52","modified_gmt":"2017-10-04T10:23:52","slug":"100-2","status":"publish","type":"page","link":"https:\/\/www.azf-assodessinistres.org\/?page_id=100","title":{"rendered":"La bataille pour la reconversion"},"content":{"rendered":"<h2><strong>La bataille pour la reconversion industrielle du p\u00f4le chimique<\/strong><\/h2>\n<p>Attentive \u00e0 la n\u00e9cessaire unit\u00e9 des organisations de salari\u00e9s et de riverains, l&rsquo;Association des sinistr\u00e9s a tr\u00e8s rapidement d\u00e9fendu l&rsquo;id\u00e9e d&rsquo;une reconversion industrielle \u00e0 la charge de Total reconversion int\u00e9grale de l&rsquo;industrie, implantation d&rsquo;unit\u00e9s contr\u00f4l\u00e9es par le public, mise en place d&rsquo;une loi durcissant les conditions de s\u00e9curit\u00e9, notamment en interdisant la sous-traitance et l&rsquo;int\u00e9rim.<\/p>\n<p>Elle a mis l&rsquo;accent sur la fermeture et la reconversion sans licenciement et avec maintien des salaires pour les salari\u00e9s du site chimique, toujours aux frais de Total.<\/p>\n<p>Une telle revendication allait de paire avec son engagement en faveur de la r\u00e9unification des salari\u00e9s et des riverains, victimes de la catastrophe.<\/p>\n<p>Mais force est de constater qu\u2019\u00e0 la grande satisfaction de la direction de Total, les directions syndicales de l&rsquo;usine, traumatis\u00e9es et manquant de clairvoyance, sont tomb\u00e9es dans le pi\u00e8ge de la division. Jacques Mignard, d\u00e9l\u00e9gu\u00e9 CGT AZF d\u00e9clarait dans Tout Toulouse le 06\/03\/2002: <em>\u00ab\u00a0Nos alli\u00e9s sont effectivement \u00e0 la chambre de commerce et d&rsquo;industrie et au MEDEF\u00a0\u00bb<\/em>.<\/p>\n<table>\n<tbody>\n<tr>\n<td width=\"250\"><img decoding=\"async\" src=\"http:\/\/azf-assodessinistres.org\/img\/photos\/sinistre024_2.JPG\" width=\"250\" \/><\/td>\n<td>\n<ul>\n<li><strong>En f\u00e9vrier 2002<\/strong>, les conclusions du rapport de la commission d&rsquo;enqu\u00eate parlementaire sont sans appel: \u00ab\u00a0la somme des n\u00e9gligences a conduit \u00e0 une catastrophe\u00a0\u00bb. Mais sur les 90 propositions visant \u00e0 r\u00e9duire les risques industriels, peu d&rsquo;entre elles seront retenues, la commission privil\u00e9giant davantage l&rsquo;\u00e9loignement des riverains plut\u00f4t que la s\u00e9curisation et le contr\u00f4le des sites Seveso.<\/li>\n<li><strong>Le 24 Mars<\/strong>, 10 000 personnes sont dans la rue pour dire encore leur volont\u00e9 de voire dispara\u00eetre le p\u00f4le chimique: dans le cort\u00e8ge, \u00e0 leurs cot\u00e9s, Xavier Riesco, salari\u00e9, t\u00e9moigne avec courage et intelligence que salari\u00e9s et riverains sont les m\u00eames victimes d&rsquo;une logique industrielle qui ne fait aucun cas du facteur humain.<\/li>\n<\/ul>\n<\/td>\n<\/tr>\n<\/tbody>\n<\/table>\n","protected":false},"excerpt":{"rendered":"<p>La bataille pour la reconversion industrielle du p\u00f4le chimique Attentive \u00e0 la n\u00e9cessaire unit\u00e9 des organisations de salari\u00e9s et de riverains, l&rsquo;Association des sinistr\u00e9s a tr\u00e8s rapidement d\u00e9fendu l&rsquo;id\u00e9e d&rsquo;une reconversion industrielle \u00e0 la charge de Total reconversion int\u00e9grale de l&rsquo;industrie, implantation d&rsquo;unit\u00e9s contr\u00f4l\u00e9es par le public, mise en place d&rsquo;une loi durcissant les conditions &hellip; <\/p>\n<p class=\"link-more\"><a href=\"https:\/\/www.azf-assodessinistres.org\/?page_id=100\" class=\"more-link\">Continuer la lecture<span class=\"screen-reader-text\"> de &laquo;&nbsp;La bataille pour la reconversion&nbsp;&raquo;<\/span><\/a><\/p>\n","protected":false},"author":1,"featured_media":0,"parent":0,"menu_order":2,"comment_status":"closed","ping_status":"closed","template":"","meta":{"footnotes":""},"class_list":["post-100","page","type-page","status-publish","hentry"],"_links":{"self":[{"href":"https:\/\/www.azf-assodessinistres.org\/index.php?rest_route=\/wp\/v2\/pages\/100","targetHints":{"allow":["GET"]}}],"collection":[{"href":"https:\/\/www.azf-assodessinistres.org\/index.php?rest_route=\/wp\/v2\/pages"}],"about":[{"href":"https:\/\/www.azf-assodessinistres.org\/index.php?rest_route=\/wp\/v2\/types\/page"}],"author":[{"embeddable":true,"href":"https:\/\/www.azf-assodessinistres.org\/index.php?rest_route=\/wp\/v2\/users\/1"}],"replies":[{"embeddable":true,"href":"https:\/\/www.azf-assodessinistres.org\/index.php?rest_route=%2Fwp%2Fv2%2Fcomments&post=100"}],"version-history":[{"count":10,"href":"https:\/\/www.azf-assodessinistres.org\/index.php?rest_route=\/wp\/v2\/pages\/100\/revisions"}],"predecessor-version":[{"id":559,"href":"https:\/\/www.azf-assodessinistres.org\/index.php?rest_route=\/wp\/v2\/pages\/100\/revisions\/559"}],"wp:attachment":[{"href":"https:\/\/www.azf-assodessinistres.org\/index.php?rest_route=%2Fwp%2Fv2%2Fmedia&parent=100"}],"curies":[{"name":"wp","href":"https:\/\/api.w.org\/{rel}","templated":true}]}}